{"id":19938,"date":"2023-02-14T12:21:00","date_gmt":"2023-02-14T11:21:00","guid":{"rendered":"https:\/\/sailingtripsmallorca.com\/excursions-en-catamaran-a-majorque\/"},"modified":"2026-02-25T23:07:52","modified_gmt":"2026-02-25T22:07:52","slug":"excursions-en-catamaran-a-majorque","status":"publish","type":"page","link":"https:\/\/sailingtripsmallorca.com\/fr\/excursions-en-catamaran-a-majorque\/","title":{"rendered":"Excursions en catamaran \u00e0 Majorque"},"content":{"rendered":"<p>[et_pb_section fb_built=\u00a0\u00bb1&Prime; _builder_version=\u00a0\u00bb4.19.5&Prime; _module_preset=\u00a0\u00bbdefault\u00a0\u00bb global_colors_info=\u00a0\u00bb{}\u00a0\u00bb][et_pb_row admin_label=\u00a0\u00bbTitre\u00a0\u00bb _builder_version=\u00a0\u00bb4.19.4&Prime; _module_preset=\u00a0\u00bbdefault\u00a0\u00bb collapsed=\u00a0\u00bboff\u00a0\u00bb global_colors_info=\u00a0\u00bb{}\u00a0\u00bb][et_pb_column type=\u00a0\u00bb4_4&Prime; _builder_version=\u00a0\u00bb4.19.4&Prime; _module_preset=\u00a0\u00bbdefault\u00a0\u00bb global_colors_info=\u00a0\u00bb{}\u00a0\u00bb][et_pb_text admin_label=\u00a0\u00bbTitle h1&Prime; _builder_version=\u00a0\u00bb4.19.5&Prime; _module_preset=\u00a0\u00bb5bc0ab6d-cb5c-491d-92ad-e664f36109d7&Prime; global_colors_info=\u00a0\u00bb{}\u00a0\u00bb]<\/p>\n<h1><span class=\"text__primary\">Excursions en catamaran<\/span> \u00e0 Majorque<\/h1>\n<p>[\/et_pb_text][et_pb_text admin_label=\u00a0\u00bbShort Description\u00a0\u00bb _builder_version=\u00a0\u00bb4.19.5&Prime; _module_preset=\u00a0\u00bbdefault\u00a0\u00bb global_colors_info=\u00a0\u00bb{}\u00a0\u00bb]<\/p>\n<p>Chez <strong>Sailing Trips Mallorca<\/strong>, nous vous proposons les meilleurs et les plus amusants <strong>voyages d&rsquo;enterrement de vie de gar\u00e7on ou de jeune fille en catamaran \u00e0 Majorque<\/strong>. Vivez la f\u00eate avec vos amis \u00e0 bord de nos catamarans et d\u00e9couvrez les meilleures sensations sur un bateau pouss\u00e9 par le vent et profitez d&rsquo;une f\u00eate inoubliable en musique.<\/p>\n<p>[\/et_pb_text][\/et_pb_column][\/et_pb_row][et_pb_row admin_label=\u00a0\u00bbProduits\u00a0\u00bb _builder_version=\u00a0\u00bb4.19.5&Prime; _module_preset=\u00a0\u00bbdefault\u00a0\u00bb global_colors_info=\u00a0\u00bb{}\u00a0\u00bb][et_pb_column type=\u00a0\u00bb4_4&Prime; _builder_version=\u00a0\u00bb4.19.5&Prime; _module_preset=\u00a0\u00bbdefault\u00a0\u00bb background_color=\u00a0\u00bb#FFFFFF\u00a0\u00bb global_colors_info=\u00a0\u00bb{}\u00a0\u00bb][et_pb_text admin_label=\u00a0\u00bbWoocommerce shortcode\u00a0\u00bb module_class=\u00a0\u00bbflex-products\u00a0\u00bb _builder_version=\u00a0\u00bb4.19.5&Prime; _module_preset=\u00a0\u00bbdefault\u00a0\u00bb hover_enabled=\u00a0\u00bb0&Prime; global_colors_info=\u00a0\u00bb{}\u00a0\u00bb sticky_enabled=\u00a0\u00bb0&Prime;]<\/p>\n<div class=\"woocommerce columns-4 \"><ul class=\"products columns-4\">\n<li class=\"product type-product post-18900 status-publish first instock product_cat-palma-de-mallorca product_tag-enterrement-de-vie-de-celibataire has-post-thumbnail featured shipping-taxable purchasable product-type-simple\">\n\t<a href=\"https:\/\/sailingtripsmallorca.com\/fr\/enterrement-de-vie-de-celibataire-en-exclusivite-sur-catamaran-a-palma\/\" class=\"woocommerce-LoopProduct-link woocommerce-loop-product__link\"><span class=\"et_shop_image\"><img decoding=\"async\" width=\"300\" height=\"300\" src=\"https:\/\/sailingtripsmallorca.com\/wp-content\/uploads\/2023\/02\/catamaran_despedida4-300x300.jpg\" class=\"attachment-woocommerce_thumbnail size-woocommerce_thumbnail\" alt=\"Enterrement de vie de c\u00e9libataire en exclusivit\u00e9 sur catamaran \u00e0 Palma\" \/><span class=\"et_overlay\"><\/span><\/span><h6 class=\"woocommerce-loop-product__title\">Enterrement de vie de c\u00e9libataire en exclusivit\u00e9 sur catamaran \u00e0 Palma<\/h6>\n\t<span class=\"price\"><span class=\"woocommerce-Price-amount amount\"><bdi>1.700,00&nbsp;<span class=\"woocommerce-Price-currencySymbol\">&euro;<\/span><\/bdi><\/span><\/span>\n<\/a><\/li>\n<\/ul>\n<\/div>\n<p>[\/et_pb_text][\/et_pb_column][\/et_pb_row][et_pb_row column_structure=\u00a0\u00bb1_3,1_3,1_3&Prime; custom_padding_last_edited=\u00a0\u00bbon|phone\u00a0\u00bb admin_label=\u00a0\u00bbCaract\u00e9ristiques\u00a0\u00bb _builder_version=\u00a0\u00bb4.19.4&Prime; _module_preset=\u00a0\u00bbdefault\u00a0\u00bb positioning=\u00a0\u00bbnone\u00a0\u00bb custom_margin=\u00a0\u00bb||||false|false\u00a0\u00bb custom_padding=\u00a0\u00bb3vw||||false|false\u00a0\u00bb custom_padding_tablet=\u00a0\u00bb3rem||0px||false|false\u00a0\u00bb custom_padding_phone=\u00a0\u00bb||0px||false|false\u00a0\u00bb locked=\u00a0\u00bboff\u00a0\u00bb collapsed=\u00a0\u00bbon\u00a0\u00bb global_colors_info=\u00a0\u00bb{}\u00a0\u00bb][et_pb_column type=\u00a0\u00bb1_3&Prime; _builder_version=\u00a0\u00bb4.19.4&Prime; _module_preset=\u00a0\u00bbdefault\u00a0\u00bb background_color=\u00a0\u00bbgcid-d22b9563-57d9-49a7-aac0-79492d1bd1d4&Prime; custom_padding=\u00a0\u00bb2rem|2rem|2rem|2rem|true|true\u00a0\u00bb custom_padding_tablet=\u00a0\u00bb2rem|2rem|2rem|2rem|true|true\u00a0\u00bb custom_padding_phone=\u00a0\u00bb1rem|1rem|1rem|1rem|true|true\u00a0\u00bb custom_padding_last_edited=\u00a0\u00bbon|desktop\u00a0\u00bb global_colors_info=\u00a0\u00bb{%22gcid-d22b9563-57d9-49a7-aac0-79492d1bd1d4%22:%91%22background_color%22%93}\u00a0\u00bb][et_pb_text admin_label=\u00a0\u00bbPatrones profesionales\u00a0\u00bb _builder_version=\u00a0\u00bb4.19.4&Prime; _module_preset=\u00a0\u00bbdefault\u00a0\u00bb header_font=\u00a0\u00bb||||||||\u00a0\u00bb header_3_font=\u00a0\u00bbSpace Grotesk|500|||||||\u00a0\u00bb header_3_font_size=\u00a0\u00bb28px\u00a0\u00bb header_3_line_height=\u00a0\u00bb1.4em\u00a0\u00bb header_4_font=\u00a0\u00bbSpace Grotesk|600|||||||\u00a0\u00bb header_4_font_size=\u00a0\u00bb1.5rem\u00a0\u00bb header_4_line_height=\u00a0\u00bb1.4em\u00a0\u00bb custom_margin=\u00a0\u00bb||||false|false\u00a0\u00bb custom_margin_tablet=\u00a0\u00bb||1rem||false|false\u00a0\u00bb custom_margin_phone=\u00a0\u00bb||0.5rem||false|false\u00a0\u00bb custom_margin_last_edited=\u00a0\u00bbon|phone\u00a0\u00bb custom_padding=\u00a0\u00bb||||false|false\u00a0\u00bb custom_padding_tablet=\u00a0\u00bb100px|30px|30px|30px|false|true\u00a0\u00bb custom_padding_phone=\u00a0\u00bb80px|20px|20px|20px|false|true\u00a0\u00bb custom_padding_last_edited=\u00a0\u00bboff|desktop\u00a0\u00bb header_3_font_size_tablet=\u00a0\u00bb20px\u00a0\u00bb header_3_font_size_phone=\u00a0\u00bb16px\u00a0\u00bb header_3_font_size_last_edited=\u00a0\u00bbon|phone\u00a0\u00bb header_4_font_size_tablet=\u00a0\u00bb1.4rem\u00a0\u00bb header_4_font_size_phone=\u00a0\u00bb1.4rem\u00a0\u00bb header_4_font_size_last_edited=\u00a0\u00bbon|phone\u00a0\u00bb locked=\u00a0\u00bboff\u00a0\u00bb global_colors_info=\u00a0\u00bb{}\u00a0\u00bb background_layout__hover=\u00a0\u00bbdark\u00a0\u00bb background_layout__hover_enabled=\u00a0\u00bboff|desktop\u00a0\u00bb background__hover_enabled=\u00a0\u00bboff|desktop\u00a0\u00bb]<\/p>\n<h4>Mod\u00e8les <br \/>professionnels<\/h4>\n<p>[\/et_pb_text][et_pb_image src=\u00a0\u00bbhttps:\/\/sailingtripsmallorca.com\/wp-content\/uploads\/2023\/01\/patrones-profesionales-experiencias-caracteristicas.jpg\u00a0\u00bb title_text=\u00a0\u00bbemployeurs-professionnels-experiences-caracteristiques\u00a0\u00bb force_fullwidth=\u00a0\u00bbon\u00a0\u00bb _builder_version=\u00a0\u00bb4.19.4&Prime; _module_preset=\u00a0\u00bbdefault\u00a0\u00bb position_origin_a=\u00a0\u00bbbottom_center\u00a0\u00bb global_colors_info=\u00a0\u00bb{}\u00a0\u00bb][\/et_pb_image][\/et_pb_column][et_pb_column type=\u00a0\u00bb1_3&Prime; _builder_version=\u00a0\u00bb4.19.4&Prime; _module_preset=\u00a0\u00bbdefault\u00a0\u00bb background_color=\u00a0\u00bbgcid-d22b9563-57d9-49a7-aac0-79492d1bd1d4&Prime; custom_padding=\u00a0\u00bb2rem|2rem|2rem|2rem|true|true\u00a0\u00bb custom_padding_tablet=\u00a0\u00bb2rem|2rem|2rem|2rem|true|true\u00a0\u00bb custom_padding_phone=\u00a0\u00bb1rem|1rem|1rem|1rem|true|true\u00a0\u00bb custom_padding_last_edited=\u00a0\u00bbon|phone\u00a0\u00bb global_colors_info=\u00a0\u00bb{%22gcid-d22b9563-57d9-49a7-aac0-79492d1bd1d4%22:%91%22background_color%22%93}\u00a0\u00bb][et_pb_text admin_label=\u00a0\u00bbPatrones profesionales\u00a0\u00bb _builder_version=\u00a0\u00bb4.19.4&Prime; _module_preset=\u00a0\u00bbdefault\u00a0\u00bb header_font=\u00a0\u00bb||||||||\u00a0\u00bb header_3_font=\u00a0\u00bbSpace Grotesk|500|||||||\u00a0\u00bb header_3_font_size=\u00a0\u00bb28px\u00a0\u00bb header_3_line_height=\u00a0\u00bb1.4em\u00a0\u00bb header_4_font=\u00a0\u00bbSpace Grotesk|600|||||||\u00a0\u00bb header_4_font_size=\u00a0\u00bb1.5rem\u00a0\u00bb header_4_line_height=\u00a0\u00bb1.4em\u00a0\u00bb custom_margin=\u00a0\u00bb||||false|false\u00a0\u00bb custom_margin_tablet=\u00a0\u00bb||1rem||false|false\u00a0\u00bb custom_margin_phone=\u00a0\u00bb||0.5rem||false|false\u00a0\u00bb custom_margin_last_edited=\u00a0\u00bbon|phone\u00a0\u00bb custom_padding_tablet=\u00a0\u00bb100px|30px|30px|30px|false|true\u00a0\u00bb custom_padding_phone=\u00a0\u00bb80px|20px|20px|20px|false|true\u00a0\u00bb custom_padding_last_edited=\u00a0\u00bboff|desktop\u00a0\u00bb header_3_font_size_tablet=\u00a0\u00bb20px\u00a0\u00bb header_3_font_size_phone=\u00a0\u00bb16px\u00a0\u00bb header_3_font_size_last_edited=\u00a0\u00bbon|phone\u00a0\u00bb header_4_font_size_tablet=\u00a0\u00bb1.4rem\u00a0\u00bb header_4_font_size_phone=\u00a0\u00bb1.4rem\u00a0\u00bb header_4_font_size_last_edited=\u00a0\u00bbon|phone\u00a0\u00bb locked=\u00a0\u00bboff\u00a0\u00bb global_colors_info=\u00a0\u00bb{}\u00a0\u00bb background_layout__hover=\u00a0\u00bbdark\u00a0\u00bb background_layout__hover_enabled=\u00a0\u00bboff|desktop\u00a0\u00bb background__hover_enabled=\u00a0\u00bboff|desktop\u00a0\u00bb]<\/p>\n<h4>Navires certifi\u00e9s <br \/><\/h4>\n<p>[\/et_pb_text][et_pb_image src=\u00a0\u00bbhttps:\/\/sailingtripsmallorca.com\/wp-content\/uploads\/2023\/01\/embarcaciones-certificadas-experiencias-caracteristicas.jpg\u00a0\u00bb title_text=\u00a0\u00bbnavires-certifi\u00e9s-exp\u00e9riences-caract\u00e9ristiques\u00a0\u00bb force_fullwidth=\u00a0\u00bbon\u00a0\u00bb _builder_version=\u00a0\u00bb4.19.4&Prime; _module_preset=\u00a0\u00bbdefault\u00a0\u00bb position_origin_a=\u00a0\u00bbbottom_center\u00a0\u00bb global_colors_info=\u00a0\u00bb{}\u00a0\u00bb][\/et_pb_image][\/et_pb_column][et_pb_column type=\u00a0\u00bb1_3&Prime; _builder_version=\u00a0\u00bb4.19.4&Prime; _module_preset=\u00a0\u00bbdefault\u00a0\u00bb background_color=\u00a0\u00bbgcid-d22b9563-57d9-49a7-aac0-79492d1bd1d4&Prime; positioning=\u00a0\u00bbnone\u00a0\u00bb custom_padding=\u00a0\u00bb2rem|2rem|2rem|2rem|true|true\u00a0\u00bb custom_padding_tablet=\u00a0\u00bb2rem|2rem|2rem|2rem|true|true\u00a0\u00bb custom_padding_phone=\u00a0\u00bb1rem|1rem|1rem|1rem|true|true\u00a0\u00bb custom_padding_last_edited=\u00a0\u00bbon|phone\u00a0\u00bb global_colors_info=\u00a0\u00bb{%22gcid-d22b9563-57d9-49a7-aac0-79492d1bd1d4%22:%91%22background_color%22%93}\u00a0\u00bb][et_pb_text admin_label=\u00a0\u00bbTrabajamos los 365 dias\u00a0\u00bb _builder_version=\u00a0\u00bb4.19.4&Prime; _module_preset=\u00a0\u00bbdefault\u00a0\u00bb header_font=\u00a0\u00bb||||||||\u00a0\u00bb header_3_font=\u00a0\u00bbSpace Grotesk|500|||||||\u00a0\u00bb header_3_font_size=\u00a0\u00bb28px\u00a0\u00bb header_3_line_height=\u00a0\u00bb1.4em\u00a0\u00bb header_4_font=\u00a0\u00bbSpace Grotesk|600|||||||\u00a0\u00bb header_4_font_size=\u00a0\u00bb1.5rem\u00a0\u00bb header_4_line_height=\u00a0\u00bb1.4em\u00a0\u00bb custom_margin=\u00a0\u00bb||||false|false\u00a0\u00bb custom_margin_tablet=\u00a0\u00bb||1rem||false|false\u00a0\u00bb custom_margin_phone=\u00a0\u00bb||0.5rem||false|false\u00a0\u00bb custom_margin_last_edited=\u00a0\u00bbon|phone\u00a0\u00bb header_3_font_size_tablet=\u00a0\u00bb20px\u00a0\u00bb header_3_font_size_phone=\u00a0\u00bb16px\u00a0\u00bb header_3_font_size_last_edited=\u00a0\u00bbon|phone\u00a0\u00bb header_4_font_size_tablet=\u00a0\u00bb1.4rem\u00a0\u00bb header_4_font_size_phone=\u00a0\u00bb1.4rem\u00a0\u00bb header_4_font_size_last_edited=\u00a0\u00bbon|phone\u00a0\u00bb locked=\u00a0\u00bboff\u00a0\u00bb global_colors_info=\u00a0\u00bb{}\u00a0\u00bb background_layout__hover=\u00a0\u00bbdark\u00a0\u00bb background_layout__hover_enabled=\u00a0\u00bboff|desktop\u00a0\u00bb background__hover_enabled=\u00a0\u00bboff|desktop\u00a0\u00bb]<\/p>\n<h4>Confirmation imm\u00e9diate <br \/><\/h4>\n<p>[\/et_pb_text][et_pb_image src=\u00a0\u00bbhttps:\/\/sailingtripsmallorca.com\/wp-content\/uploads\/2023\/01\/confirmacion-inmediata-experiencias-caracteristicas.jpg\u00a0\u00bb title_text=\u00a0\u00bbconfirmation imm\u00e9diate-exp\u00e9riences-caract\u00e9ristiques\u00a0\u00bb force_fullwidth=\u00a0\u00bbon\u00a0\u00bb _builder_version=\u00a0\u00bb4.19.4&Prime; _module_preset=\u00a0\u00bbdefault\u00a0\u00bb position_origin_a=\u00a0\u00bbbottom_center\u00a0\u00bb global_colors_info=\u00a0\u00bb{}\u00a0\u00bb][\/et_pb_image][\/et_pb_column][\/et_pb_row][et_pb_row admin_label=\u00a0\u00bbDescription\u00a0\u00bb _builder_version=\u00a0\u00bb4.19.4&Prime; _module_preset=\u00a0\u00bbdefault\u00a0\u00bb global_colors_info=\u00a0\u00bb{}\u00a0\u00bb][et_pb_column type=\u00a0\u00bb4_4&Prime; _builder_version=\u00a0\u00bb4.19.4&Prime; _module_preset=\u00a0\u00bbdefault\u00a0\u00bb global_colors_info=\u00a0\u00bb{}\u00a0\u00bb][et_pb_text admin_label=\u00a0\u00bbTitle h2&Prime; _builder_version=\u00a0\u00bb4.19.5&Prime; _module_preset=\u00a0\u00bb5bc0ab6d-cb5c-491d-92ad-e664f36109d7&Prime; global_colors_info=\u00a0\u00bb{}\u00a0\u00bb]<\/p>\n<h2>Enterrement de vie de gar\u00e7on \u00e0 Majorque en catamaran<\/h2>\n<p>[\/et_pb_text][et_pb_text admin_label=\u00a0\u00bbDescription\u00a0\u00bb _builder_version=\u00a0\u00bb4.19.5&Prime; _module_preset=\u00a0\u00bbdefault\u00a0\u00bb global_colors_info=\u00a0\u00bb{}\u00a0\u00bb]<\/p>\n<p>Chez <strong>Sailing Trips Mallorca<\/strong>, nous vous proposons les meilleurs et les plus amusants <strong>voyages d&rsquo;enterrement de vie de gar\u00e7on ou de jeune fille en catamaran \u00e0 Majorque<\/strong>. Vivez la f\u00eate avec vos amis \u00e0 bord de l&rsquo;un de nos catamarans et d\u00e9couvrez les meilleures sensations sur un bateau pouss\u00e9 par le vent et profitez d&rsquo;une f\u00eate inoubliable en musique.<\/p>\n<p>Nous vous offrons toutes sortes de possibilit\u00e9s avec des excursions qui s&rsquo;adaptent \u00e0 vos souhaits et \u00e0 vos besoins. Une <strong>excursion<\/strong> d&rsquo;<strong>une journ\u00e9e ou d&rsquo;une demi-journ\u00e9e, un enterrement de vie de gar\u00e7on ou de jeune fille sur un catamaran avec coucher de soleil sur un voilier.<\/strong><\/p>\n<p>Sur nos catamarans \u00e0 Majorque, vous pouvez organiser votre f\u00eate pour une journ\u00e9e enti\u00e8re sur un bateau \u00e0 voile. <strong>Vous pouvez le r\u00e9server exclusivement pour vous ou le partager<\/strong>. Et tout cela avec la garantie et la s\u00e9curit\u00e9 d&rsquo;avoir des catamarans avec toutes les mesures de s\u00e9curit\u00e9 en mer et avec les meilleurs skippers et \u00e9quipages professionnels.<\/p>\n<p>Et pour profiter d&rsquo;une journ\u00e9e de f\u00eate sur un catamaran \u00e0 Majorque, vous n&rsquo;avez qu&rsquo;\u00e0 apporter votre serviette, votre maillot de bain ou votre bikini et votre cr\u00e8me solaire, nous nous occupons de tout le reste. <strong>Boissons, nourriture, plong\u00e9e en apn\u00e9e, kayak, paddle surfing, c&rsquo;est nous qui d\u00e9cidons<\/strong>. Tout cela pour que votre exp\u00e9rience du catamaran soit parfaite. Nous pouvons \u00e9galement personnaliser votre f\u00eate.<\/p>\n<p><strong>Nous vous emm\u00e8nerons naviguer et vous pourrez vivre l&rsquo;exp\u00e9rience d&rsquo;\u00eatre \u00e0 la barre<\/strong>, d&rsquo;aider avec les voiles et de man\u0153uvrer le bateau. Vous visiterez les meilleures plages et criques des \u00eeles dans leurs diff\u00e9rentes zones. De superbes plages de sable blanc et fin \u00e0 des kilom\u00e8tres de plages de sable. Comme les petites criques vierges presque inaccessibles o\u00f9 l&rsquo;eau est si cristalline que vous pouvez voir le fond et les poissons. Et quoi de mieux que  <strong>la plong\u00e9e et le snorkeling dans des eaux merveilleuses comme celles de Majorque. Participez \u00e0 une journ\u00e9e d&rsquo;enterrement de vie de gar\u00e7on ou de jeune fille sur un catamaran !<\/strong><\/p>\n<p>\u200b<\/p>\n<p>[\/et_pb_text][et_pb_video src=\u00a0\u00bbhttps:\/\/youtu.be\/NmjDPBM0_5k\u00a0\u00bb image_src=\u00a0\u00bb\/\/i.ytimg.com\/vi\/NmjDPBM0_5k\/hqdefault.jpg\u00a0\u00bb _builder_version=\u00a0\u00bb4.19.5&Prime; _module_preset=\u00a0\u00bbdefault\u00a0\u00bb global_colors_info=\u00a0\u00bb{}\u00a0\u00bb][\/et_pb_video][\/et_pb_column][\/et_pb_row][\/et_pb_section]<\/p>\n","protected":false},"excerpt":{"rendered":"<p>Excursions en catamaran \u00e0 MajorqueChez Sailing Trips Mallorca, nous vous proposons les meilleurs et les plus amusants voyages d&rsquo;enterrement de vie de gar\u00e7on ou de jeune fille en catamaran \u00e0 Majorque. Vivez la f\u00eate avec vos amis \u00e0 bord de nos catamarans et d\u00e9couvrez les meilleures sensations sur un bateau pouss\u00e9 par le vent et [&hellip;]<\/p>\n","protected":false},"author":15,"featured_media":0,"parent":0,"menu_order":0,"comment_status":"closed","ping_status":"closed","template":"","meta":{"_et_pb_use_builder":"on","_et_pb_old_content":"","_et_gb_content_width":"","footnotes":""},"class_list":["post-19938","page","type-page","status-publish","hentry"],"yoast_head":"<!-- This site is optimized with the Yoast SEO plugin v27.2 - https:\/\/yoast.com\/product\/yoast-seo-wordpress\/ -->\n<title>Excursions en catamaran \u00e0 Majorque - Sailing Trips Mallorca<\/title>\n<meta name=\"description\" content=\"C\u00e9l\u00e9brez votre f\u00eate d&#039;adieu \u00e0 Majorque sur un catamaran priv\u00e9. Skipper, musique, arr\u00eats baignades, coucher de soleil et options boissons\/restauration. R\u00e9servation facile.\" \/>\n<meta name=\"robots\" content=\"index, follow, max-snippet:-1, max-image-preview:large, max-video-preview:-1\" \/>\n<link rel=\"canonical\" href=\"https:\/\/sailingtripsmallorca.com\/fr\/excursions-en-catamaran-a-majorque\/\" \/>\n<meta property=\"og:locale\" content=\"fr_FR\" \/>\n<meta property=\"og:type\" content=\"article\" \/>\n<meta property=\"og:title\" content=\"Excursions en catamaran \u00e0 Majorque - Sailing Trips Mallorca\" \/>\n<meta property=\"og:description\" content=\"C\u00e9l\u00e9brez votre f\u00eate d&#039;adieu \u00e0 Majorque sur un catamaran priv\u00e9. Skipper, musique, arr\u00eats baignades, coucher de soleil et options boissons\/restauration. R\u00e9servation facile.\" \/>\n<meta property=\"og:url\" content=\"https:\/\/sailingtripsmallorca.com\/fr\/excursions-en-catamaran-a-majorque\/\" \/>\n<meta property=\"og:site_name\" content=\"Sailing Trips Mallorca\" \/>\n<meta property=\"article:publisher\" content=\"https:\/\/www.facebook.com\/Sailing-Trips-Mallorca-169669560453473\/\" \/>\n<meta property=\"article:modified_time\" content=\"2026-02-25T22:07:52+00:00\" \/>\n<meta name=\"twitter:card\" content=\"summary_large_image\" \/>\n<meta name=\"twitter:site\" content=\"@SailingTripsM\" \/>\n<meta name=\"twitter:label1\" content=\"Dur\u00e9e de lecture estim\u00e9e\" \/>\n\t<meta name=\"twitter:data1\" content=\"7 minutes\" \/>\n<script type=\"application\/ld+json\" class=\"yoast-schema-graph\">{\"@context\":\"https:\/\/schema.org\",\"@graph\":[{\"@type\":\"WebPage\",\"@id\":\"https:\/\/sailingtripsmallorca.com\/fr\/excursions-en-catamaran-a-majorque\/\",\"url\":\"https:\/\/sailingtripsmallorca.com\/fr\/excursions-en-catamaran-a-majorque\/\",\"name\":\"Excursions en catamaran \u00e0 Majorque - Sailing Trips Mallorca\",\"isPartOf\":{\"@id\":\"https:\/\/sailingtripsmallorca.com\/fr\/#website\"},\"datePublished\":\"2023-02-14T11:21:00+00:00\",\"dateModified\":\"2026-02-25T22:07:52+00:00\",\"description\":\"C\u00e9l\u00e9brez votre f\u00eate d'adieu \u00e0 Majorque sur un catamaran priv\u00e9. Skipper, musique, arr\u00eats baignades, coucher de soleil et options boissons\/restauration. R\u00e9servation facile.\",\"breadcrumb\":{\"@id\":\"https:\/\/sailingtripsmallorca.com\/fr\/excursions-en-catamaran-a-majorque\/#breadcrumb\"},\"inLanguage\":\"fr-FR\",\"potentialAction\":[{\"@type\":\"ReadAction\",\"target\":[\"https:\/\/sailingtripsmallorca.com\/fr\/excursions-en-catamaran-a-majorque\/\"]}]},{\"@type\":\"BreadcrumbList\",\"@id\":\"https:\/\/sailingtripsmallorca.com\/fr\/excursions-en-catamaran-a-majorque\/#breadcrumb\",\"itemListElement\":[{\"@type\":\"ListItem\",\"position\":1,\"name\":\"Home\",\"item\":\"https:\/\/sailingtripsmallorca.com\/fr\/\"},{\"@type\":\"ListItem\",\"position\":2,\"name\":\"Excursions en catamaran \u00e0 Majorque\"}]},{\"@type\":\"WebSite\",\"@id\":\"https:\/\/sailingtripsmallorca.com\/fr\/#website\",\"url\":\"https:\/\/sailingtripsmallorca.com\/fr\/\",\"name\":\"Sailing Trips Mallorca\",\"description\":\"Excursiones en Barco, velero y catamar\u00e1n: MALLORCA, MENORCA, IBIZA\",\"publisher\":{\"@id\":\"https:\/\/sailingtripsmallorca.com\/fr\/#organization\"},\"potentialAction\":[{\"@type\":\"SearchAction\",\"target\":{\"@type\":\"EntryPoint\",\"urlTemplate\":\"https:\/\/sailingtripsmallorca.com\/fr\/?s={search_term_string}\"},\"query-input\":{\"@type\":\"PropertyValueSpecification\",\"valueRequired\":true,\"valueName\":\"search_term_string\"}}],\"inLanguage\":\"fr-FR\"},{\"@type\":\"Organization\",\"@id\":\"https:\/\/sailingtripsmallorca.com\/fr\/#organization\",\"name\":\"Veleros y catamaranes en Mallorca e Islas Baleares\",\"url\":\"https:\/\/sailingtripsmallorca.com\/fr\/\",\"logo\":{\"@type\":\"ImageObject\",\"inLanguage\":\"fr-FR\",\"@id\":\"https:\/\/sailingtripsmallorca.com\/fr\/#\/schema\/logo\/image\/\",\"url\":\"https:\/\/sailingtripsmallorca.com\/wp-content\/uploads\/2023\/01\/logo__sailingtrips__mallorca.png\",\"contentUrl\":\"https:\/\/sailingtripsmallorca.com\/wp-content\/uploads\/2023\/01\/logo__sailingtrips__mallorca.png\",\"width\":242,\"height\":64,\"caption\":\"Veleros y catamaranes en Mallorca e Islas Baleares\"},\"image\":{\"@id\":\"https:\/\/sailingtripsmallorca.com\/fr\/#\/schema\/logo\/image\/\"},\"sameAs\":[\"https:\/\/www.facebook.com\/Sailing-Trips-Mallorca-169669560453473\/\",\"https:\/\/x.com\/SailingTripsM\",\"https:\/\/www.pinterest.es\/sailingtrips\/\",\"https:\/\/www.instagram.com\/sailingtripsmallorca\/\"]}]}<\/script>\n<!-- \/ Yoast SEO plugin. -->","yoast_head_json":{"title":"Excursions en catamaran \u00e0 Majorque - Sailing Trips Mallorca","description":"C\u00e9l\u00e9brez votre f\u00eate d'adieu \u00e0 Majorque sur un catamaran priv\u00e9. Skipper, musique, arr\u00eats baignades, coucher de soleil et options boissons\/restauration. R\u00e9servation facile.","robots":{"index":"index","follow":"follow","max-snippet":"max-snippet:-1","max-image-preview":"max-image-preview:large","max-video-preview":"max-video-preview:-1"},"canonical":"https:\/\/sailingtripsmallorca.com\/fr\/excursions-en-catamaran-a-majorque\/","og_locale":"fr_FR","og_type":"article","og_title":"Excursions en catamaran \u00e0 Majorque - Sailing Trips Mallorca","og_description":"C\u00e9l\u00e9brez votre f\u00eate d'adieu \u00e0 Majorque sur un catamaran priv\u00e9. Skipper, musique, arr\u00eats baignades, coucher de soleil et options boissons\/restauration. R\u00e9servation facile.","og_url":"https:\/\/sailingtripsmallorca.com\/fr\/excursions-en-catamaran-a-majorque\/","og_site_name":"Sailing Trips Mallorca","article_publisher":"https:\/\/www.facebook.com\/Sailing-Trips-Mallorca-169669560453473\/","article_modified_time":"2026-02-25T22:07:52+00:00","twitter_card":"summary_large_image","twitter_site":"@SailingTripsM","twitter_misc":{"Dur\u00e9e de lecture estim\u00e9e":"7 minutes"},"schema":{"@context":"https:\/\/schema.org","@graph":[{"@type":"WebPage","@id":"https:\/\/sailingtripsmallorca.com\/fr\/excursions-en-catamaran-a-majorque\/","url":"https:\/\/sailingtripsmallorca.com\/fr\/excursions-en-catamaran-a-majorque\/","name":"Excursions en catamaran \u00e0 Majorque - Sailing Trips Mallorca","isPartOf":{"@id":"https:\/\/sailingtripsmallorca.com\/fr\/#website"},"datePublished":"2023-02-14T11:21:00+00:00","dateModified":"2026-02-25T22:07:52+00:00","description":"C\u00e9l\u00e9brez votre f\u00eate d'adieu \u00e0 Majorque sur un catamaran priv\u00e9. Skipper, musique, arr\u00eats baignades, coucher de soleil et options boissons\/restauration. R\u00e9servation facile.","breadcrumb":{"@id":"https:\/\/sailingtripsmallorca.com\/fr\/excursions-en-catamaran-a-majorque\/#breadcrumb"},"inLanguage":"fr-FR","potentialAction":[{"@type":"ReadAction","target":["https:\/\/sailingtripsmallorca.com\/fr\/excursions-en-catamaran-a-majorque\/"]}]},{"@type":"BreadcrumbList","@id":"https:\/\/sailingtripsmallorca.com\/fr\/excursions-en-catamaran-a-majorque\/#breadcrumb","itemListElement":[{"@type":"ListItem","position":1,"name":"Home","item":"https:\/\/sailingtripsmallorca.com\/fr\/"},{"@type":"ListItem","position":2,"name":"Excursions en catamaran \u00e0 Majorque"}]},{"@type":"WebSite","@id":"https:\/\/sailingtripsmallorca.com\/fr\/#website","url":"https:\/\/sailingtripsmallorca.com\/fr\/","name":"Sailing Trips Mallorca","description":"Excursiones en Barco, velero y catamar\u00e1n: MALLORCA, MENORCA, IBIZA","publisher":{"@id":"https:\/\/sailingtripsmallorca.com\/fr\/#organization"},"potentialAction":[{"@type":"SearchAction","target":{"@type":"EntryPoint","urlTemplate":"https:\/\/sailingtripsmallorca.com\/fr\/?s={search_term_string}"},"query-input":{"@type":"PropertyValueSpecification","valueRequired":true,"valueName":"search_term_string"}}],"inLanguage":"fr-FR"},{"@type":"Organization","@id":"https:\/\/sailingtripsmallorca.com\/fr\/#organization","name":"Veleros y catamaranes en Mallorca e Islas Baleares","url":"https:\/\/sailingtripsmallorca.com\/fr\/","logo":{"@type":"ImageObject","inLanguage":"fr-FR","@id":"https:\/\/sailingtripsmallorca.com\/fr\/#\/schema\/logo\/image\/","url":"https:\/\/sailingtripsmallorca.com\/wp-content\/uploads\/2023\/01\/logo__sailingtrips__mallorca.png","contentUrl":"https:\/\/sailingtripsmallorca.com\/wp-content\/uploads\/2023\/01\/logo__sailingtrips__mallorca.png","width":242,"height":64,"caption":"Veleros y catamaranes en Mallorca e Islas Baleares"},"image":{"@id":"https:\/\/sailingtripsmallorca.com\/fr\/#\/schema\/logo\/image\/"},"sameAs":["https:\/\/www.facebook.com\/Sailing-Trips-Mallorca-169669560453473\/","https:\/\/x.com\/SailingTripsM","https:\/\/www.pinterest.es\/sailingtrips\/","https:\/\/www.instagram.com\/sailingtripsmallorca\/"]}]}},"_links":{"self":[{"href":"https:\/\/sailingtripsmallorca.com\/fr\/wp-json\/wp\/v2\/pages\/19938","targetHints":{"allow":["GET"]}}],"collection":[{"href":"https:\/\/sailingtripsmallorca.com\/fr\/wp-json\/wp\/v2\/pages"}],"about":[{"href":"https:\/\/sailingtripsmallorca.com\/fr\/wp-json\/wp\/v2\/types\/page"}],"author":[{"embeddable":true,"href":"https:\/\/sailingtripsmallorca.com\/fr\/wp-json\/wp\/v2\/users\/15"}],"replies":[{"embeddable":true,"href":"https:\/\/sailingtripsmallorca.com\/fr\/wp-json\/wp\/v2\/comments?post=19938"}],"version-history":[{"count":5,"href":"https:\/\/sailingtripsmallorca.com\/fr\/wp-json\/wp\/v2\/pages\/19938\/revisions"}],"predecessor-version":[{"id":19943,"href":"https:\/\/sailingtripsmallorca.com\/fr\/wp-json\/wp\/v2\/pages\/19938\/revisions\/19943"}],"wp:attachment":[{"href":"https:\/\/sailingtripsmallorca.com\/fr\/wp-json\/wp\/v2\/media?parent=19938"}],"curies":[{"name":"wp","href":"https:\/\/api.w.org\/{rel}","templated":true}]}}