{"id":18805,"date":"2025-04-09T23:33:13","date_gmt":"2025-04-09T21:33:13","guid":{"rendered":"https:\/\/sailingtripsmallorca.com\/tourismus-woerterbuch\/"},"modified":"2025-04-11T02:46:52","modified_gmt":"2025-04-11T00:46:52","slug":"tourismus-woerterbuch","status":"publish","type":"page","link":"https:\/\/sailingtripsmallorca.com\/de\/tourismus-worterbuch\/","title":{"rendered":"Tourismus-W\u00f6rterbuch"},"content":{"rendered":"<p>[et_pb_section fb_built=&#8220;1&#8243; custom_padding_last_edited=&#8220;off|desktop&#8220; admin_label=&#8220;Hero&#8220; _builder_version=&#8220;4.27.4&#8243; _module_preset=&#8220;_initial&#8220; background_color=&#8220;gcid-d22b9563-57d9-49a7-aac0-79492d1bd1d4&#8243; use_background_color_gradient=&#8220;on&#8220; background_color_gradient_stops=&#8220;rgba(2,13,47,0.6) 20%|rgba(2,13,47,0) 80%|#10c4cf 100%&#8220; background_color_gradient_overlays_image=&#8220;on&#8220; background_color_gradient_start=&#8220;#222222&#8243; background_color_gradient_end=&#8220;rgba(34,34,34,0.35)&#8220; background_image=&#8220;https:\/\/sailingtripsmallorca.com\/wp-content\/uploads\/2025\/04\/Diccionario_turistico_islas_baleares3.jpg&#8220; overflow-x=&#8220;hidden&#8220; overflow-y=&#8220;hidden&#8220; custom_padding=&#8220;15vh||15vh||true|false&#8220; custom_padding_tablet=&#8220;||||true|false&#8220; custom_padding_phone=&#8220;12vh||16vh||false|false&#8220; background_last_edited=&#8220;off|phone&#8220; use_background_color_gradient_tablet=&#8220;on&#8220; use_background_color_gradient_phone=&#8220;on&#8220; background_color_gradient_stops_tablet=&#8220;rgba(233,30,91,0.65) 7cm|rgba(34,34,34,0.8) 7cm&#8220; background_color_gradient_stops_phone=&#8220;rgba(233,30,91,0.65) 6cm|rgba(34,34,34,0.8) 6cm&#8220; locked=&#8220;off&#8220; global_colors_info=&#8220;{%22gcid-d22b9563-57d9-49a7-aac0-79492d1bd1d4%22:%91%22background_color%22%93}&#8220;][et_pb_row column_structure=&#8220;3_5,2_5&#8243; _builder_version=&#8220;4.22.1&#8243; _module_preset=&#8220;_initial&#8220; positioning=&#8220;none&#8220; position_origin_a=&#8220;center_center&#8220; custom_margin=&#8220;-1rem||0px||false|false&#8220; custom_padding=&#8220;0px||0px||true|false&#8220; custom_padding_tablet=&#8220;|15px||15px|true|true&#8220; custom_padding_phone=&#8220;||||true|false&#8220; global_colors_info=&#8220;{}&#8220;][et_pb_column type=&#8220;3_5&#8243; _builder_version=&#8220;4.17.4&#8243; _module_preset=&#8220;default&#8220; global_colors_info=&#8220;{}&#8220;][et_pb_text ul_position=&#8220;inside&#8220; ul_item_indent=&#8220;1.15em&#8220; ol_item_indent=&#8220;1.15em&#8220; admin_label=&#8220;Title&#8220; _builder_version=&#8220;4.27.4&#8243; _module_preset=&#8220;4f26e338-b20b-4281-a364-cd3a185e0dc0&#8243; text_text_color=&#8220;#020D2F&#8220; text_font_size=&#8220;1rem&#8220; text_line_height=&#8220;1.75em&#8220; link_font=&#8220;||||on||||&#8220; link_text_color=&#8220;#10C4CF&#8220; ul_font_size=&#8220;1rem&#8220; ul_line_height=&#8220;1.75em&#8220; ol_font_size=&#8220;1rem&#8220; ol_line_height=&#8220;1.75em&#8220; header_font=&#8220;||||||||&#8220; header_text_align=&#8220;left&#8220; header_text_color=&#8220;#FFFFFF&#8220; header_font_size=&#8220;5rem&#8220; header_letter_spacing=&#8220;-0.05em&#8220; header_line_height=&#8220;1.1em&#8220; header_2_font_size=&#8220;3.16rem&#8220; header_2_letter_spacing=&#8220;-0.04em&#8220; header_2_line_height=&#8220;1.1em&#8220; header_3_font_size=&#8220;2.37rem&#8220; header_3_letter_spacing=&#8220;-0.04em&#8220; header_3_line_height=&#8220;1.2em&#8220; header_4_font=&#8220;|||on|||||&#8220; header_4_text_align=&#8220;left&#8220; header_4_font_size=&#8220;1.78rem&#8220; header_4_letter_spacing=&#8220;2px&#8220; header_4_line_height=&#8220;1.3em&#8220; header_5_font_size=&#8220;1.33rem&#8220; header_5_letter_spacing=&#8220;-0.02em&#8220; header_5_line_height=&#8220;1.4em&#8220; text_orientation=&#8220;center&#8220; custom_padding_last_edited=&#8220;off|desktop&#8220; animation_style=&#8220;slide&#8220; animation_direction=&#8220;top&#8220; animation_intensity_slide=&#8220;10%&#8220; hover_enabled=&#8220;0&#8243; text_font_size_tablet=&#8220;1rem&#8220; text_font_size_phone=&#8220;1rem&#8220; text_font_size_last_edited=&#8220;on|desktop&#8220; header_font_size_tablet=&#8220;3rem&#8220; header_font_size_phone=&#8220;3rem&#8220; header_font_size_last_edited=&#8220;on|tablet&#8220; header_letter_spacing_tablet=&#8220;-3px&#8220; header_letter_spacing_phone=&#8220;-1px&#8220; header_letter_spacing_last_edited=&#8220;off|tablet&#8220; header_2_font_size_tablet=&#8220;2.84rem&#8220; header_2_font_size_phone=&#8220;2.44rem&#8220; header_2_font_size_last_edited=&#8220;on|phone&#8220; header_3_font_size_tablet=&#8220;2.13rem&#8220; header_3_font_size_phone=&#8220;1.95rem&#8220; header_3_font_size_last_edited=&#8220;on|tablet&#8220; header_4_font_size_tablet=&#8220;1.6rem&#8220; header_4_font_size_phone=&#8220;1.56rem&#8220; header_4_font_size_last_edited=&#8220;on|tablet&#8220; header_5_font_size_tablet=&#8220;1.33rem&#8220; header_5_font_size_phone=&#8220;1.25rem&#8220; header_5_font_size_last_edited=&#8220;on|tablet&#8220; locked=&#8220;off&#8220; global_colors_info=&#8220;{%22gcid-1129c3ad-8744-408b-bc82-b9b57fda93ac%22:%91%22text_text_color%22%93}&#8220; sticky_enabled=&#8220;0&#8243;]<\/p>\n<h1>Tourismus-W\u00f6rterbuch<\/h1>\n<p>[\/et_pb_text][\/et_pb_column][et_pb_column type=&#8220;2_5&#8243; _builder_version=&#8220;4.17.4&#8243; _module_preset=&#8220;default&#8220; global_colors_info=&#8220;{}&#8220;][et_pb_text ul_position=&#8220;inside&#8220; ul_item_indent=&#8220;1.15em&#8220; ol_item_indent=&#8220;1.15em&#8220; admin_label=&#8220;Subtitle&#8220; _builder_version=&#8220;4.27.4&#8243; _module_preset=&#8220;4f26e338-b20b-4281-a364-cd3a185e0dc0&#8243; text_text_color=&#8220;gcid-1129c3ad-8744-408b-bc82-b9b57fda93ac&#8220; text_font_size=&#8220;1.35rem&#8220; text_line_height=&#8220;1.4em&#8220; link_font=&#8220;||||on||||&#8220; link_text_color=&#8220;#10C4CF&#8220; ul_font_size=&#8220;1rem&#8220; ul_line_height=&#8220;1.75em&#8220; ol_font_size=&#8220;1rem&#8220; ol_line_height=&#8220;1.75em&#8220; header_font=&#8220;||||||||&#8220; header_font_size=&#8220;4.21rem&#8220; header_letter_spacing=&#8220;-0.05em&#8220; header_2_font_size=&#8220;3.16rem&#8220; header_2_letter_spacing=&#8220;-0.04em&#8220; header_2_line_height=&#8220;1.1em&#8220; header_3_text_color=&#8220;#FFFFFF&#8220; header_3_font_size=&#8220;2.37rem&#8220; header_3_letter_spacing=&#8220;-0.04em&#8220; header_3_line_height=&#8220;1.2em&#8220; header_4_font=&#8220;|||on|||||&#8220; header_4_text_color=&#8220;#10C4CF&#8220; header_4_font_size=&#8220;1.78rem&#8220; header_4_letter_spacing=&#8220;2px&#8220; header_4_line_height=&#8220;1.3em&#8220; header_5_font_size=&#8220;1.33rem&#8220; header_5_letter_spacing=&#8220;-0.02em&#8220; header_5_line_height=&#8220;1.4em&#8220; custom_margin=&#8220;||0.75rem||false|false&#8220; text_text_color_last_edited=&#8220;off|phone&#8220; text_font_size_tablet=&#8220;1.35rem&#8220; text_font_size_phone=&#8220;1.2rem&#8220; text_font_size_last_edited=&#8220;on|desktop&#8220; text_line_height_tablet=&#8220;1.4em&#8220; text_line_height_phone=&#8220;1.5em&#8220; text_line_height_last_edited=&#8220;on|phone&#8220; header_font_size_tablet=&#8220;4rem&#8220; header_font_size_phone=&#8220;3.05rem&#8220; header_font_size_last_edited=&#8220;on|tablet&#8220; header_2_font_size_tablet=&#8220;2.84rem&#8220; header_2_font_size_phone=&#8220;2.44rem&#8220; header_2_font_size_last_edited=&#8220;on|phone&#8220; header_3_font_size_tablet=&#8220;2.13rem&#8220; header_3_font_size_phone=&#8220;1.95rem&#8220; header_3_font_size_last_edited=&#8220;on|tablet&#8220; header_4_font_size_tablet=&#8220;1.6rem&#8220; header_4_font_size_phone=&#8220;1.56rem&#8220; header_4_font_size_last_edited=&#8220;on|tablet&#8220; header_5_font_size_tablet=&#8220;1.33rem&#8220; header_5_font_size_phone=&#8220;1.25rem&#8220; header_5_font_size_last_edited=&#8220;on|tablet&#8220; global_colors_info=&#8220;{%22gcid-1129c3ad-8744-408b-bc82-b9b57fda93ac%22:%91%22text_text_color%22%93}&#8220;]<\/p>\n<h3>Der Reisef\u00fchrer, der dich mit der Kultur, der Umgebung und den Traditionen der Balearen verbindet<\/h3>\n<p>[\/et_pb_text][\/et_pb_column][\/et_pb_row][\/et_pb_section][et_pb_section fb_built=&#8220;1&#8243; _builder_version=&#8220;4.25.2&#8243; _module_preset=&#8220;_initial&#8220; background_color=&#8220;gcid-d22b9563-57d9-49a7-aac0-79492d1bd1d4&#8243; custom_padding=&#8220;6vh||6vh||true|false&#8220; global_colors_info=&#8220;{%22gcid-d22b9563-57d9-49a7-aac0-79492d1bd1d4%22:%91%22background_color%22%93}&#8220;][et_pb_row _builder_version=&#8220;4.25.2&#8243; _module_preset=&#8220;_initial&#8220; custom_padding=&#8220;|||||false&#8220; custom_padding_tablet=&#8220;|5%||5%|false|true&#8220; global_colors_info=&#8220;{}&#8220;][et_pb_column type=&#8220;4_4&#8243; _builder_version=&#8220;4.25.2&#8243; _module_preset=&#8220;default&#8220; global_colors_info=&#8220;{}&#8220;][et_pb_blog fullwidth=&#8220;off&#8220; posts_number=&#8220;1000&#8243; include_categories=&#8220;428&#8243; show_author=&#8220;off&#8220; show_date=&#8220;off&#8220; show_categories=&#8220;off&#8220; show_pagination=&#8220;off&#8220; admin_label=&#8220;Blog&#8220; module_class=&#8220;diccionario&#8220; _builder_version=&#8220;4.27.4&#8243; _module_preset=&#8220;default&#8220; custom_css_free_form=&#8220;\/* Estilo para cada tarjeta individualmente *\/||.selector .et_pb_post {||    background: #ffffff;||    border-radius: 12px;||    box-shadow: 0px 4px 10px rgba(0, 0, 0, 0.1);||    padding: 20px;||    transition: transform 0.3s ease-in-out, box-shadow 0.3s ease-in-out;||}||||.selector .et_pb_post:hover {||    transform: translateY(-5px);||    box-shadow: 0px 10px 20px rgba(0, 0, 0, 0.15);||}||||\/* T\u00edtulos con color elegante y subrayado animado *\/||.selector h2 {||    font-size: 22px;||    font-weight: bold;||    color: #020d2f; \/* Azul elegante en lugar de naranja *\/||    position: relative;||}||||\/* Subrayado animado *\/||.selector h2::after {||    content: &#8220;;||    display: block;||    width: 50%;||    height: 3px;||    background: #2a7ae2; \/* Mismo color que el texto *\/||    margin: 5px auto;||    transition: width 0.3s ease-in-out;||}||||.selector h2:hover::after {||    width: 100%;||}||||\/* Estilo para el texto del contenido *\/||.selector p {||    font-size: 16px;||    color: #555;||    line-height: 1.6;||}||||\/* Efecto hover en el texto *\/||.selector p:hover {||    color: #222;||    transition: color 0.3s ease-in-out;||}||||\/* Personalizaci\u00f3n del enlace *\/||.selector a {||    color: #1e5bbf;||    font-weight: bold;||    text-decoration: none;||    transition: color 0.3s ease-in-out;||}||&#8220; global_colors_info=&#8220;{}&#8220;][\/et_pb_blog][\/et_pb_column][\/et_pb_row][\/et_pb_section]<\/p>\n","protected":false},"excerpt":{"rendered":"<p>Tourismus-W\u00f6rterbuchDer Reisef\u00fchrer, der dich mit der Kultur, der Umgebung und den Traditionen der Balearen verbindet<\/p>\n","protected":false},"author":6,"featured_media":0,"parent":0,"menu_order":0,"comment_status":"closed","ping_status":"closed","template":"","meta":{"_et_pb_use_builder":"on","_et_pb_old_content":"","_et_gb_content_width":"","footnotes":""},"class_list":["post-18805","page","type-page","status-publish","hentry"],"yoast_head":"<!-- This site is optimized with the Yoast SEO plugin v27.2 - https:\/\/yoast.com\/product\/yoast-seo-wordpress\/ -->\n<title>Tourismus-W\u00f6rterbuch - Sailing Trips Mallorca<\/title>\n<meta name=\"description\" content=\"Tourismus-W\u00f6rterbuch: verst\u00e4ndliche Definitionen zu Reise-, Hotel-, Luftfahrt- und Marketingbegriffen. Mit Beispielen, \u00dcbersetzungen und schneller Suche.\" \/>\n<meta name=\"robots\" content=\"index, follow, max-snippet:-1, max-image-preview:large, max-video-preview:-1\" \/>\n<link rel=\"canonical\" href=\"https:\/\/sailingtripsmallorca.com\/de\/tourismus-worterbuch\/\" \/>\n<meta property=\"og:locale\" content=\"de_DE\" \/>\n<meta property=\"og:type\" content=\"article\" \/>\n<meta property=\"og:title\" content=\"Tourismus-W\u00f6rterbuch - Sailing Trips Mallorca\" \/>\n<meta property=\"og:description\" content=\"Tourismus-W\u00f6rterbuch: verst\u00e4ndliche Definitionen zu Reise-, Hotel-, Luftfahrt- und Marketingbegriffen. Mit Beispielen, \u00dcbersetzungen und schneller Suche.\" \/>\n<meta property=\"og:url\" content=\"https:\/\/sailingtripsmallorca.com\/de\/tourismus-worterbuch\/\" \/>\n<meta property=\"og:site_name\" content=\"Sailing Trips Mallorca\" \/>\n<meta property=\"article:publisher\" content=\"https:\/\/www.facebook.com\/Sailing-Trips-Mallorca-169669560453473\/\" \/>\n<meta property=\"article:modified_time\" content=\"2025-04-11T00:46:52+00:00\" \/>\n<meta name=\"twitter:card\" content=\"summary_large_image\" \/>\n<meta name=\"twitter:site\" content=\"@SailingTripsM\" \/>\n<meta name=\"twitter:label1\" content=\"Gesch\u00e4tzte Lesezeit\" \/>\n\t<meta name=\"twitter:data1\" content=\"6\u00a0Minuten\" \/>\n<script type=\"application\/ld+json\" class=\"yoast-schema-graph\">{\"@context\":\"https:\/\/schema.org\",\"@graph\":[{\"@type\":\"WebPage\",\"@id\":\"https:\/\/sailingtripsmallorca.com\/de\/tourismus-worterbuch\/\",\"url\":\"https:\/\/sailingtripsmallorca.com\/de\/tourismus-worterbuch\/\",\"name\":\"Tourismus-W\u00f6rterbuch - Sailing Trips Mallorca\",\"isPartOf\":{\"@id\":\"https:\/\/sailingtripsmallorca.com\/de\/#website\"},\"datePublished\":\"2025-04-09T21:33:13+00:00\",\"dateModified\":\"2025-04-11T00:46:52+00:00\",\"description\":\"Tourismus-W\u00f6rterbuch: verst\u00e4ndliche Definitionen zu Reise-, Hotel-, Luftfahrt- und Marketingbegriffen. Mit Beispielen, \u00dcbersetzungen und schneller Suche.\",\"breadcrumb\":{\"@id\":\"https:\/\/sailingtripsmallorca.com\/de\/tourismus-worterbuch\/#breadcrumb\"},\"inLanguage\":\"de\",\"potentialAction\":[{\"@type\":\"ReadAction\",\"target\":[\"https:\/\/sailingtripsmallorca.com\/de\/tourismus-worterbuch\/\"]}]},{\"@type\":\"BreadcrumbList\",\"@id\":\"https:\/\/sailingtripsmallorca.com\/de\/tourismus-worterbuch\/#breadcrumb\",\"itemListElement\":[{\"@type\":\"ListItem\",\"position\":1,\"name\":\"Home\",\"item\":\"https:\/\/sailingtripsmallorca.com\/de\/\"},{\"@type\":\"ListItem\",\"position\":2,\"name\":\"Tourismus-W\u00f6rterbuch\"}]},{\"@type\":\"WebSite\",\"@id\":\"https:\/\/sailingtripsmallorca.com\/de\/#website\",\"url\":\"https:\/\/sailingtripsmallorca.com\/de\/\",\"name\":\"Sailing Trips Mallorca\",\"description\":\"Excursiones en Barco, velero y catamar\u00e1n: MALLORCA, MENORCA, IBIZA\",\"publisher\":{\"@id\":\"https:\/\/sailingtripsmallorca.com\/de\/#organization\"},\"potentialAction\":[{\"@type\":\"SearchAction\",\"target\":{\"@type\":\"EntryPoint\",\"urlTemplate\":\"https:\/\/sailingtripsmallorca.com\/de\/?s={search_term_string}\"},\"query-input\":{\"@type\":\"PropertyValueSpecification\",\"valueRequired\":true,\"valueName\":\"search_term_string\"}}],\"inLanguage\":\"de\"},{\"@type\":\"Organization\",\"@id\":\"https:\/\/sailingtripsmallorca.com\/de\/#organization\",\"name\":\"Veleros y catamaranes en Mallorca e Islas Baleares\",\"url\":\"https:\/\/sailingtripsmallorca.com\/de\/\",\"logo\":{\"@type\":\"ImageObject\",\"inLanguage\":\"de\",\"@id\":\"https:\/\/sailingtripsmallorca.com\/de\/#\/schema\/logo\/image\/\",\"url\":\"https:\/\/sailingtripsmallorca.com\/wp-content\/uploads\/2023\/01\/logo__sailingtrips__mallorca.png\",\"contentUrl\":\"https:\/\/sailingtripsmallorca.com\/wp-content\/uploads\/2023\/01\/logo__sailingtrips__mallorca.png\",\"width\":242,\"height\":64,\"caption\":\"Veleros y catamaranes en Mallorca e Islas Baleares\"},\"image\":{\"@id\":\"https:\/\/sailingtripsmallorca.com\/de\/#\/schema\/logo\/image\/\"},\"sameAs\":[\"https:\/\/www.facebook.com\/Sailing-Trips-Mallorca-169669560453473\/\",\"https:\/\/x.com\/SailingTripsM\",\"https:\/\/www.pinterest.es\/sailingtrips\/\",\"https:\/\/www.instagram.com\/sailingtripsmallorca\/\"]}]}<\/script>\n<!-- \/ Yoast SEO plugin. -->","yoast_head_json":{"title":"Tourismus-W\u00f6rterbuch - Sailing Trips Mallorca","description":"Tourismus-W\u00f6rterbuch: verst\u00e4ndliche Definitionen zu Reise-, Hotel-, Luftfahrt- und Marketingbegriffen. Mit Beispielen, \u00dcbersetzungen und schneller Suche.","robots":{"index":"index","follow":"follow","max-snippet":"max-snippet:-1","max-image-preview":"max-image-preview:large","max-video-preview":"max-video-preview:-1"},"canonical":"https:\/\/sailingtripsmallorca.com\/de\/tourismus-worterbuch\/","og_locale":"de_DE","og_type":"article","og_title":"Tourismus-W\u00f6rterbuch - Sailing Trips Mallorca","og_description":"Tourismus-W\u00f6rterbuch: verst\u00e4ndliche Definitionen zu Reise-, Hotel-, Luftfahrt- und Marketingbegriffen. Mit Beispielen, \u00dcbersetzungen und schneller Suche.","og_url":"https:\/\/sailingtripsmallorca.com\/de\/tourismus-worterbuch\/","og_site_name":"Sailing Trips Mallorca","article_publisher":"https:\/\/www.facebook.com\/Sailing-Trips-Mallorca-169669560453473\/","article_modified_time":"2025-04-11T00:46:52+00:00","twitter_card":"summary_large_image","twitter_site":"@SailingTripsM","twitter_misc":{"Gesch\u00e4tzte Lesezeit":"6\u00a0Minuten"},"schema":{"@context":"https:\/\/schema.org","@graph":[{"@type":"WebPage","@id":"https:\/\/sailingtripsmallorca.com\/de\/tourismus-worterbuch\/","url":"https:\/\/sailingtripsmallorca.com\/de\/tourismus-worterbuch\/","name":"Tourismus-W\u00f6rterbuch - Sailing Trips Mallorca","isPartOf":{"@id":"https:\/\/sailingtripsmallorca.com\/de\/#website"},"datePublished":"2025-04-09T21:33:13+00:00","dateModified":"2025-04-11T00:46:52+00:00","description":"Tourismus-W\u00f6rterbuch: verst\u00e4ndliche Definitionen zu Reise-, Hotel-, Luftfahrt- und Marketingbegriffen. Mit Beispielen, \u00dcbersetzungen und schneller Suche.","breadcrumb":{"@id":"https:\/\/sailingtripsmallorca.com\/de\/tourismus-worterbuch\/#breadcrumb"},"inLanguage":"de","potentialAction":[{"@type":"ReadAction","target":["https:\/\/sailingtripsmallorca.com\/de\/tourismus-worterbuch\/"]}]},{"@type":"BreadcrumbList","@id":"https:\/\/sailingtripsmallorca.com\/de\/tourismus-worterbuch\/#breadcrumb","itemListElement":[{"@type":"ListItem","position":1,"name":"Home","item":"https:\/\/sailingtripsmallorca.com\/de\/"},{"@type":"ListItem","position":2,"name":"Tourismus-W\u00f6rterbuch"}]},{"@type":"WebSite","@id":"https:\/\/sailingtripsmallorca.com\/de\/#website","url":"https:\/\/sailingtripsmallorca.com\/de\/","name":"Sailing Trips Mallorca","description":"Excursiones en Barco, velero y catamar\u00e1n: MALLORCA, MENORCA, IBIZA","publisher":{"@id":"https:\/\/sailingtripsmallorca.com\/de\/#organization"},"potentialAction":[{"@type":"SearchAction","target":{"@type":"EntryPoint","urlTemplate":"https:\/\/sailingtripsmallorca.com\/de\/?s={search_term_string}"},"query-input":{"@type":"PropertyValueSpecification","valueRequired":true,"valueName":"search_term_string"}}],"inLanguage":"de"},{"@type":"Organization","@id":"https:\/\/sailingtripsmallorca.com\/de\/#organization","name":"Veleros y catamaranes en Mallorca e Islas Baleares","url":"https:\/\/sailingtripsmallorca.com\/de\/","logo":{"@type":"ImageObject","inLanguage":"de","@id":"https:\/\/sailingtripsmallorca.com\/de\/#\/schema\/logo\/image\/","url":"https:\/\/sailingtripsmallorca.com\/wp-content\/uploads\/2023\/01\/logo__sailingtrips__mallorca.png","contentUrl":"https:\/\/sailingtripsmallorca.com\/wp-content\/uploads\/2023\/01\/logo__sailingtrips__mallorca.png","width":242,"height":64,"caption":"Veleros y catamaranes en Mallorca e Islas Baleares"},"image":{"@id":"https:\/\/sailingtripsmallorca.com\/de\/#\/schema\/logo\/image\/"},"sameAs":["https:\/\/www.facebook.com\/Sailing-Trips-Mallorca-169669560453473\/","https:\/\/x.com\/SailingTripsM","https:\/\/www.pinterest.es\/sailingtrips\/","https:\/\/www.instagram.com\/sailingtripsmallorca\/"]}]}},"_links":{"self":[{"href":"https:\/\/sailingtripsmallorca.com\/de\/wp-json\/wp\/v2\/pages\/18805","targetHints":{"allow":["GET"]}}],"collection":[{"href":"https:\/\/sailingtripsmallorca.com\/de\/wp-json\/wp\/v2\/pages"}],"about":[{"href":"https:\/\/sailingtripsmallorca.com\/de\/wp-json\/wp\/v2\/types\/page"}],"author":[{"embeddable":true,"href":"https:\/\/sailingtripsmallorca.com\/de\/wp-json\/wp\/v2\/users\/6"}],"replies":[{"embeddable":true,"href":"https:\/\/sailingtripsmallorca.com\/de\/wp-json\/wp\/v2\/comments?post=18805"}],"version-history":[{"count":6,"href":"https:\/\/sailingtripsmallorca.com\/de\/wp-json\/wp\/v2\/pages\/18805\/revisions"}],"predecessor-version":[{"id":18872,"href":"https:\/\/sailingtripsmallorca.com\/de\/wp-json\/wp\/v2\/pages\/18805\/revisions\/18872"}],"wp:attachment":[{"href":"https:\/\/sailingtripsmallorca.com\/de\/wp-json\/wp\/v2\/media?parent=18805"}],"curies":[{"name":"wp","href":"https:\/\/api.w.org\/{rel}","templated":true}]}}