{"id":14387,"date":"2023-02-08T09:26:00","date_gmt":"2023-02-08T08:26:00","guid":{"rendered":"https:\/\/sailingtripsmallorca.com\/dankeschoen\/"},"modified":"2023-09-19T17:36:55","modified_gmt":"2023-09-19T15:36:55","slug":"dankeschoen","status":"publish","type":"page","link":"https:\/\/sailingtripsmallorca.com\/de\/dankeschoen\/","title":{"rendered":"Dankesch\u00f6n"},"content":{"rendered":"<p>[et_pb_section fb_built=&#8220;1&#8243; admin_label=&#8220;Header&#8220; _builder_version=&#8220;4.19.5&#8243; _module_preset=&#8220;default&#8220; background_color=&#8220;rgba(0,0,0,0.3)&#8220; background_image=&#8220;https:\/\/sailingtripsmallorca.com\/wp-content\/uploads\/2023\/02\/gracias-hero-sailingtrips.jpg&#8220; custom_padding=&#8220;10vw||10vw||true|false&#8220; collapsed=&#8220;off&#8220; global_colors_info=&#8220;{}&#8220;][et_pb_row _builder_version=&#8220;4.19.4&#8243; _module_preset=&#8220;default&#8220; global_colors_info=&#8220;{}&#8220;][et_pb_column type=&#8220;4_4&#8243; _builder_version=&#8220;4.18.0&#8243; _module_preset=&#8220;default&#8220; global_colors_info=&#8220;{}&#8220;][et_pb_text admin_label=&#8220;Subtitle H2&#8243; _builder_version=&#8220;4.19.5&#8243; _module_preset=&#8220;5bc0ab6d-cb5c-491d-92ad-e664f36109d7&#8243; header_font_size=&#8220;5rem&#8220; header_letter_spacing=&#8220;-0.05em&#8220; max_width=&#8220;900px&#8220; custom_margin=&#8220;||0.5rem||false|false&#8220; header_font_size_tablet=&#8220;3rem&#8220; header_font_size_phone=&#8220;3rem&#8220; header_font_size_last_edited=&#8220;on|desktop&#8220; header_letter_spacing_tablet=&#8220;-0.02em&#8220; header_letter_spacing_phone=&#8220;-0.02em&#8220; header_line_height_tablet=&#8220;1.2em&#8220; header_line_height_phone=&#8220;1.2em&#8220; global_colors_info=&#8220;{}&#8220;]<\/p>\n<h2>Sailing Trips Mallorca<\/h2>\n<p>[\/et_pb_text][et_pb_text admin_label=&#8220;Title H1&#8243; _builder_version=&#8220;4.19.5&#8243; _module_preset=&#8220;5bc0ab6d-cb5c-491d-92ad-e664f36109d7&#8243; header_text_color=&#8220;#FFFFFF&#8220; global_colors_info=&#8220;{}&#8220;]<\/p>\n<h1>Wir danken Ihnen f\u00fcr Ihr Interesse. Wir werden Sie in K\u00fcrze kontaktieren.<\/h1>\n<p>[\/et_pb_text][et_pb_button button_url=&#8220;@ET-DC@eyJkeW5hbWljIjp0cnVlLCJjb250ZW50IjoicG9zdF9saW5rX3VybF9wYWdlIiwic2V0dGluZ3MiOnsicG9zdF9pZCI6Ijc4MTIifX0=@&#8220; button_text=&#8220;Zur\u00fcck zur Startseite&#8220; admin_label=&#8220;Button&#8220; _builder_version=&#8220;4.19.5&#8243; _dynamic_attributes=&#8220;button_url&#8220; _module_preset=&#8220;default&#8220; custom_button=&#8220;on&#8220; button_text_size=&#8220;1rem&#8220; button_bg_color=&#8220;#0E57CC&#8220; button_border_width=&#8220;0px&#8220; button_border_radius=&#8220;0px&#8220; button_font=&#8220;||||||||&#8220; button_use_icon=&#8220;off&#8220; background_layout=&#8220;dark&#8220; custom_padding=&#8220;0.75rem|1.5rem|0.75rem|1.5rem|true|true&#8220; global_colors_info=&#8220;{}&#8220;][\/et_pb_button][\/et_pb_column][\/et_pb_row][\/et_pb_section]<\/p>\n","protected":false},"excerpt":{"rendered":"<p>Sailing Trips MallorcaWir danken Ihnen f\u00fcr Ihr Interesse. Wir werden Sie in K\u00fcrze kontaktieren.<\/p>\n","protected":false},"author":15,"featured_media":0,"parent":0,"menu_order":0,"comment_status":"closed","ping_status":"closed","template":"","meta":{"_et_pb_use_builder":"on","_et_pb_old_content":"","_et_gb_content_width":"","footnotes":""},"class_list":["post-14387","page","type-page","status-publish","hentry"],"yoast_head":"<!-- This site is optimized with the Yoast SEO plugin v27.5 - https:\/\/yoast.com\/product\/yoast-seo-wordpress\/ -->\n<title>Dankesch\u00f6n - Sailing Trips Mallorca<\/title>\n<meta name=\"robots\" content=\"index, follow, max-snippet:-1, max-image-preview:large, max-video-preview:-1\" \/>\n<link rel=\"canonical\" href=\"https:\/\/sailingtripsmallorca.com\/de\/dankeschoen\/\" \/>\n<meta property=\"og:locale\" content=\"de_DE\" \/>\n<meta property=\"og:type\" content=\"article\" \/>\n<meta property=\"og:title\" content=\"Dankesch\u00f6n - Sailing Trips Mallorca\" \/>\n<meta property=\"og:description\" content=\"Sailing Trips MallorcaWir danken Ihnen f\u00fcr Ihr Interesse. Wir werden Sie in K\u00fcrze kontaktieren.\" \/>\n<meta property=\"og:url\" content=\"https:\/\/sailingtripsmallorca.com\/de\/dankeschoen\/\" \/>\n<meta property=\"og:site_name\" content=\"Sailing Trips Mallorca\" \/>\n<meta property=\"article:publisher\" content=\"https:\/\/www.facebook.com\/Sailing-Trips-Mallorca-169669560453473\/\" \/>\n<meta property=\"article:modified_time\" content=\"2023-09-19T15:36:55+00:00\" \/>\n<meta name=\"twitter:card\" content=\"summary_large_image\" \/>\n<meta name=\"twitter:site\" content=\"@SailingTripsM\" \/>\n<meta name=\"twitter:label1\" content=\"Gesch\u00e4tzte Lesezeit\" \/>\n\t<meta name=\"twitter:data1\" content=\"1\u00a0Minute\" \/>\n<script type=\"application\/ld+json\" class=\"yoast-schema-graph\">{\"@context\":\"https:\\\/\\\/schema.org\",\"@graph\":[{\"@type\":\"WebPage\",\"@id\":\"https:\\\/\\\/sailingtripsmallorca.com\\\/de\\\/dankeschoen\\\/\",\"url\":\"https:\\\/\\\/sailingtripsmallorca.com\\\/de\\\/dankeschoen\\\/\",\"name\":\"Dankesch\u00f6n - Sailing Trips Mallorca\",\"isPartOf\":{\"@id\":\"https:\\\/\\\/sailingtripsmallorca.com\\\/de\\\/#website\"},\"datePublished\":\"2023-02-08T08:26:00+00:00\",\"dateModified\":\"2023-09-19T15:36:55+00:00\",\"breadcrumb\":{\"@id\":\"https:\\\/\\\/sailingtripsmallorca.com\\\/de\\\/dankeschoen\\\/#breadcrumb\"},\"inLanguage\":\"de\",\"potentialAction\":[{\"@type\":\"ReadAction\",\"target\":[\"https:\\\/\\\/sailingtripsmallorca.com\\\/de\\\/dankeschoen\\\/\"]}]},{\"@type\":\"BreadcrumbList\",\"@id\":\"https:\\\/\\\/sailingtripsmallorca.com\\\/de\\\/dankeschoen\\\/#breadcrumb\",\"itemListElement\":[{\"@type\":\"ListItem\",\"position\":1,\"name\":\"Home\",\"item\":\"https:\\\/\\\/sailingtripsmallorca.com\\\/de\\\/\"},{\"@type\":\"ListItem\",\"position\":2,\"name\":\"Dankesch\u00f6n\"}]},{\"@type\":\"WebSite\",\"@id\":\"https:\\\/\\\/sailingtripsmallorca.com\\\/de\\\/#website\",\"url\":\"https:\\\/\\\/sailingtripsmallorca.com\\\/de\\\/\",\"name\":\"Sailing Trips Mallorca\",\"description\":\"Excursiones en Barco, velero y catamar\u00e1n: MALLORCA, MENORCA, IBIZA\",\"publisher\":{\"@id\":\"https:\\\/\\\/sailingtripsmallorca.com\\\/de\\\/#organization\"},\"potentialAction\":[{\"@type\":\"SearchAction\",\"target\":{\"@type\":\"EntryPoint\",\"urlTemplate\":\"https:\\\/\\\/sailingtripsmallorca.com\\\/de\\\/?s={search_term_string}\"},\"query-input\":{\"@type\":\"PropertyValueSpecification\",\"valueRequired\":true,\"valueName\":\"search_term_string\"}}],\"inLanguage\":\"de\"},{\"@type\":\"Organization\",\"@id\":\"https:\\\/\\\/sailingtripsmallorca.com\\\/de\\\/#organization\",\"name\":\"Veleros y catamaranes en Mallorca e Islas Baleares\",\"url\":\"https:\\\/\\\/sailingtripsmallorca.com\\\/de\\\/\",\"logo\":{\"@type\":\"ImageObject\",\"inLanguage\":\"de\",\"@id\":\"https:\\\/\\\/sailingtripsmallorca.com\\\/de\\\/#\\\/schema\\\/logo\\\/image\\\/\",\"url\":\"https:\\\/\\\/sailingtripsmallorca.com\\\/wp-content\\\/uploads\\\/2023\\\/01\\\/logo__sailingtrips__mallorca.png\",\"contentUrl\":\"https:\\\/\\\/sailingtripsmallorca.com\\\/wp-content\\\/uploads\\\/2023\\\/01\\\/logo__sailingtrips__mallorca.png\",\"width\":242,\"height\":64,\"caption\":\"Veleros y catamaranes en Mallorca e Islas Baleares\"},\"image\":{\"@id\":\"https:\\\/\\\/sailingtripsmallorca.com\\\/de\\\/#\\\/schema\\\/logo\\\/image\\\/\"},\"sameAs\":[\"https:\\\/\\\/www.facebook.com\\\/Sailing-Trips-Mallorca-169669560453473\\\/\",\"https:\\\/\\\/x.com\\\/SailingTripsM\",\"https:\\\/\\\/www.pinterest.es\\\/sailingtrips\\\/\",\"https:\\\/\\\/www.instagram.com\\\/sailingtripsmallorca\\\/\"]}]}<\/script>\n<!-- \/ Yoast SEO plugin. -->","yoast_head_json":{"title":"Dankesch\u00f6n - Sailing Trips Mallorca","robots":{"index":"index","follow":"follow","max-snippet":"max-snippet:-1","max-image-preview":"max-image-preview:large","max-video-preview":"max-video-preview:-1"},"canonical":"https:\/\/sailingtripsmallorca.com\/de\/dankeschoen\/","og_locale":"de_DE","og_type":"article","og_title":"Dankesch\u00f6n - Sailing Trips Mallorca","og_description":"Sailing Trips MallorcaWir danken Ihnen f\u00fcr Ihr Interesse. Wir werden Sie in K\u00fcrze kontaktieren.","og_url":"https:\/\/sailingtripsmallorca.com\/de\/dankeschoen\/","og_site_name":"Sailing Trips Mallorca","article_publisher":"https:\/\/www.facebook.com\/Sailing-Trips-Mallorca-169669560453473\/","article_modified_time":"2023-09-19T15:36:55+00:00","twitter_card":"summary_large_image","twitter_site":"@SailingTripsM","twitter_misc":{"Gesch\u00e4tzte Lesezeit":"1\u00a0Minute"},"schema":{"@context":"https:\/\/schema.org","@graph":[{"@type":"WebPage","@id":"https:\/\/sailingtripsmallorca.com\/de\/dankeschoen\/","url":"https:\/\/sailingtripsmallorca.com\/de\/dankeschoen\/","name":"Dankesch\u00f6n - Sailing Trips Mallorca","isPartOf":{"@id":"https:\/\/sailingtripsmallorca.com\/de\/#website"},"datePublished":"2023-02-08T08:26:00+00:00","dateModified":"2023-09-19T15:36:55+00:00","breadcrumb":{"@id":"https:\/\/sailingtripsmallorca.com\/de\/dankeschoen\/#breadcrumb"},"inLanguage":"de","potentialAction":[{"@type":"ReadAction","target":["https:\/\/sailingtripsmallorca.com\/de\/dankeschoen\/"]}]},{"@type":"BreadcrumbList","@id":"https:\/\/sailingtripsmallorca.com\/de\/dankeschoen\/#breadcrumb","itemListElement":[{"@type":"ListItem","position":1,"name":"Home","item":"https:\/\/sailingtripsmallorca.com\/de\/"},{"@type":"ListItem","position":2,"name":"Dankesch\u00f6n"}]},{"@type":"WebSite","@id":"https:\/\/sailingtripsmallorca.com\/de\/#website","url":"https:\/\/sailingtripsmallorca.com\/de\/","name":"Sailing Trips Mallorca","description":"Excursiones en Barco, velero y catamar\u00e1n: MALLORCA, MENORCA, IBIZA","publisher":{"@id":"https:\/\/sailingtripsmallorca.com\/de\/#organization"},"potentialAction":[{"@type":"SearchAction","target":{"@type":"EntryPoint","urlTemplate":"https:\/\/sailingtripsmallorca.com\/de\/?s={search_term_string}"},"query-input":{"@type":"PropertyValueSpecification","valueRequired":true,"valueName":"search_term_string"}}],"inLanguage":"de"},{"@type":"Organization","@id":"https:\/\/sailingtripsmallorca.com\/de\/#organization","name":"Veleros y catamaranes en Mallorca e Islas Baleares","url":"https:\/\/sailingtripsmallorca.com\/de\/","logo":{"@type":"ImageObject","inLanguage":"de","@id":"https:\/\/sailingtripsmallorca.com\/de\/#\/schema\/logo\/image\/","url":"https:\/\/sailingtripsmallorca.com\/wp-content\/uploads\/2023\/01\/logo__sailingtrips__mallorca.png","contentUrl":"https:\/\/sailingtripsmallorca.com\/wp-content\/uploads\/2023\/01\/logo__sailingtrips__mallorca.png","width":242,"height":64,"caption":"Veleros y catamaranes en Mallorca e Islas Baleares"},"image":{"@id":"https:\/\/sailingtripsmallorca.com\/de\/#\/schema\/logo\/image\/"},"sameAs":["https:\/\/www.facebook.com\/Sailing-Trips-Mallorca-169669560453473\/","https:\/\/x.com\/SailingTripsM","https:\/\/www.pinterest.es\/sailingtrips\/","https:\/\/www.instagram.com\/sailingtripsmallorca\/"]}]}},"_links":{"self":[{"href":"https:\/\/sailingtripsmallorca.com\/de\/wp-json\/wp\/v2\/pages\/14387","targetHints":{"allow":["GET"]}}],"collection":[{"href":"https:\/\/sailingtripsmallorca.com\/de\/wp-json\/wp\/v2\/pages"}],"about":[{"href":"https:\/\/sailingtripsmallorca.com\/de\/wp-json\/wp\/v2\/types\/page"}],"author":[{"embeddable":true,"href":"https:\/\/sailingtripsmallorca.com\/de\/wp-json\/wp\/v2\/users\/15"}],"replies":[{"embeddable":true,"href":"https:\/\/sailingtripsmallorca.com\/de\/wp-json\/wp\/v2\/comments?post=14387"}],"version-history":[{"count":2,"href":"https:\/\/sailingtripsmallorca.com\/de\/wp-json\/wp\/v2\/pages\/14387\/revisions"}],"predecessor-version":[{"id":14389,"href":"https:\/\/sailingtripsmallorca.com\/de\/wp-json\/wp\/v2\/pages\/14387\/revisions\/14389"}],"wp:attachment":[{"href":"https:\/\/sailingtripsmallorca.com\/de\/wp-json\/wp\/v2\/media?parent=14387"}],"curies":[{"name":"wp","href":"https:\/\/api.w.org\/{rel}","templated":true}]}}