{"id":13772,"date":"2022-12-26T10:32:42","date_gmt":"2022-12-26T09:32:42","guid":{"rendered":"https:\/\/sailingtripsmallorca.com\/datenschutzrichtlinie\/"},"modified":"2022-12-26T10:32:42","modified_gmt":"2022-12-26T09:32:42","slug":"datenschutzrichtlinie","status":"publish","type":"page","link":"https:\/\/sailingtripsmallorca.com\/de\/datenschutzrichtlinie\/","title":{"rendered":"Datenschutzrichtlinie"},"content":{"rendered":"<section class=\"legal__pages\">Mit dieser Datenschutzrichtlinie informiert JBJ SEAMOUNT, S.L. die Nutzer seiner Website \u00fcber die Art und Weise, wie die Daten seiner Nutzer verwaltet werden, so dass sie frei und freiwillig entscheiden k\u00f6nnen, ob sie die angeforderten Informationen zur Verf\u00fcgung stellen m\u00f6chten, und die pers\u00f6nlichen Daten der Nutzer auf dieser Website respektiert und gesch\u00fctzt werden. JBJ SEAMOUNT, S.L. garantiert die Einhaltung der folgenden Grunds\u00e4tze, um Ihre Privatsph\u00e4re zu sch\u00fctzen:<\/p>\n<ul>\n<li>Wir fragen niemals nach pers\u00f6nlichen Informationen, es sei denn, sie sind wirklich notwendig, um die vom Kunden gew\u00fcnschten Dienstleistungen zu erbringen.<\/li>\n<li>Wir geben niemals pers\u00f6nliche Informationen \u00fcber unsere Nutzer an Dritte weiter, es sei denn, dies ist gesetzlich vorgeschrieben oder wir haben die ausdr\u00fcckliche Erlaubnis des Nutzers.<\/li>\n<li>Wir werden Ihre pers\u00f6nlichen Daten niemals f\u00fcr einen anderen als den in dieser Datenschutzrichtlinie genannten Zweck verwenden.<\/li>\n<\/ul>\n<p>Es wird darauf hingewiesen, dass diese Datenschutzrichtlinie ge\u00e4ndert werden kann, um sie an neue rechtliche Anforderungen anzupassen, so dass die Nutzer sie regelm\u00e4\u00dfig besuchen sollten.<\/p>\n<h4>Verantwortlich f\u00fcr die Verarbeitung Ihrer pers\u00f6nlichen Daten<\/h4>\n<ul>\n<li>Identit\u00e4t des Verantwortlichen: JBJ SEAMOUNT, S.L.<\/li>\n<li>CIF: B02748648<\/li>\n<li>Adresse: AVDA. ESPORTS 11, ESC 1 PISO 6 PTA 13 46701 GANDIA (VALENCIA)<\/li>\n<li>Telefonnummer: <a href=\"tel:+34615099630\">+34 615 09 96 30<\/a><\/li>\n<li>E-Mail-Adresse: <a href=\"mailto:info@sailingtripsmallorca.com?subject=Asunto:%20Pol%C3%ADtica%20de%20Privacidad\" target=\"_self\" rel=\"noopener\">info@sailingtripsmallorca.com<\/a><\/li>\n<\/ul>\n<p>F\u00fcr die Verarbeitung der Daten unserer Nutzer wenden wir alle technischen und organisatorischen Sicherheitsma\u00dfnahmen an, die in den geltenden Rechtsvorschriften vorgesehen sind.<\/p>\n<h4>Grunds\u00e4tze, die wir auf Ihre pers\u00f6nlichen Daten anwenden werden<\/h4>\n<p>Bei der Verarbeitung Ihrer personenbezogenen Daten wenden wir die folgenden Grunds\u00e4tze an, die mit den Anforderungen der neuen DSGVO \u00fcbereinstimmen:<\/p>\n<ul>\n<li>Rechtm\u00e4\u00dfigkeit, Fairness und Transparenz: Wir werden immer Ihre Zustimmung zur Verarbeitung Ihrer personenbezogenen Daten f\u00fcr einen oder mehrere bestimmte Zwecke einholen, \u00fcber die wir Sie im Voraus in voller Transparenz informieren werden.<\/li>\n<li>Datenminimierung: Wir werden nur Daten anfordern, die f\u00fcr die Zwecke, f\u00fcr die wir sie ben\u00f6tigen, unbedingt erforderlich sind.<\/li>\n<li>Begrenzung der Aufbewahrungsfrist: Die Daten werden nicht l\u00e4nger aufbewahrt, als es f\u00fcr die Zwecke der Verarbeitung erforderlich ist.<\/li>\n<li>Integrit\u00e4t und Vertraulichkeit: Ihre Daten werden so verarbeitet, dass eine angemessene Sicherheit der personenbezogenen Daten und die Vertraulichkeit gew\u00e4hrleistet sind. JBJ SEAMOUNT, S.L. trifft die notwendigen Vorkehrungen, um den unbefugten Zugriff oder die missbr\u00e4uchliche Verwendung der Daten unserer Nutzer durch Dritte zu verhindern.<\/li>\n<\/ul>\n<p>Die Betroffenen haben das Recht, auf ihre personenbezogenen Daten zuzugreifen und die Berichtigung unrichtiger Daten oder gegebenenfalls deren L\u00f6schung zu beantragen, wenn die Daten unter anderem f\u00fcr die Zwecke, f\u00fcr die sie erhoben wurden, nicht mehr erforderlich sind. Unter bestimmten Umst\u00e4nden k\u00f6nnen die betroffenen Personen die Einschr\u00e4nkung der Verarbeitung ihrer Daten verlangen; in diesem Fall werden die Daten nur zur Geltendmachung oder Verteidigung von Anspr\u00fcchen aufbewahrt.<\/p>\n<p>Unter bestimmten Umst\u00e4nden und aus Gr\u00fcnden, die sich aus ihrer besonderen Situation ergeben, k\u00f6nnen die betroffenen Personen der Verarbeitung ihrer Daten widersprechen. JBJ SEAMOUNT, S.L. wird die Verarbeitung der Daten einstellen, es sei denn, es liegen berechtigte Gr\u00fcnde vor oder sie dienen der Geltendmachung oder Verteidigung etwaiger Anspr\u00fcche. Als betroffene Person haben Sie das Recht auf Daten\u00fcbertragbarkeit, d.h. die personenbezogenen Daten, die Sie uns zur Verf\u00fcgung gestellt haben, zu erhalten und sie an einen anderen f\u00fcr die Datenverarbeitung Verantwortlichen zu \u00fcbermitteln, wenn:<\/p>\n<h4>Wie haben wir Ihre Daten erhalten?<\/h4>\n<p>Die von uns verarbeiteten personenbezogenen Daten stammen von:<\/p>\n<ul>\n<li>Kontaktformular<\/li>\n<li>E-Mail-Adresse<\/li>\n<li>Bei der Registrierung als Benutzer<\/li>\n<\/ul>\n<h4>Welche Rechte haben Sie, wenn Sie uns Ihre Daten zur Verf\u00fcgung stellen?<\/h4>\n<p>Interessierte Personen haben das Recht auf:<\/p>\n<ul>\n<li>Zugang zu den erhobenen personenbezogenen Daten beantragen<\/li>\n<li>die Berichtigung oder L\u00f6schung Ihrer Daten zu beantragen<\/li>\n<li>die Einschr\u00e4nkung ihrer Verarbeitung beantragen<\/li>\n<li>Verarbeitung ablehnen<\/li>\n<li>Daten\u00fcbertragbarkeit beantragen<\/li>\n<\/ul>\n<p>Die Betroffenen haben das Recht, auf ihre personenbezogenen Daten zuzugreifen und die Berichtigung unrichtiger Daten oder gegebenenfalls deren L\u00f6schung zu beantragen, wenn die Daten unter anderem f\u00fcr die Zwecke, f\u00fcr die sie erhoben wurden, nicht mehr erforderlich sind. Unter bestimmten Umst\u00e4nden k\u00f6nnen die betroffenen Personen die Einschr\u00e4nkung der Verarbeitung ihrer Daten verlangen; in diesem Fall werden die Daten nur zur Geltendmachung oder Verteidigung von Anspr\u00fcchen aufbewahrt.<\/p>\n<p>Unter bestimmten Umst\u00e4nden und aus Gr\u00fcnden, die sich aus ihrer besonderen Situation ergeben, k\u00f6nnen die betroffenen Personen der Verarbeitung ihrer Daten widersprechen. JBJ SEAMOUNT, S.L. wird die Verarbeitung der Daten einstellen, es sei denn, es liegen berechtigte Gr\u00fcnde vor oder sie dienen der Geltendmachung oder Verteidigung etwaiger Anspr\u00fcche. Als betroffene Person haben Sie das Recht auf Daten\u00fcbertragbarkeit, d.h. die personenbezogenen Daten, die Sie uns zur Verf\u00fcgung gestellt haben, zu erhalten und sie an einen anderen f\u00fcr die Datenverarbeitung Verantwortlichen zu \u00fcbermitteln, wenn:<\/p>\n<ul>\n<li>Die Verarbeitung beruht auf einer Einwilligung<\/li>\n<li>Die Daten wurden von der betroffenen Person zur Verf\u00fcgung gestellt.<\/li>\n<li>Die Verarbeitung erfolgt mit automatisierten Mitteln.<\/li>\n<\/ul>\n<p>Bei der Aus\u00fcbung Ihres Rechts auf Daten\u00fcbertragbarkeit haben Sie das Recht, personenbezogene Daten direkt von dem f\u00fcr die Verarbeitung Verantwortlichen an den f\u00fcr die Verarbeitung Verantwortlichen zu \u00fcbermitteln, sofern dies technisch machbar ist.<\/p>\n<p>Die betroffenen Personen haben au\u00dferdem das Recht auf einen wirksamen Rechtsschutz und k\u00f6nnen sich bei der Aufsichtsbeh\u00f6rde, in diesem Fall der spanischen Datenschutzbeh\u00f6rde, beschweren, wenn sie der Ansicht sind, dass die Verarbeitung der sie betreffenden personenbezogenen Daten gegen die Verordnung verst\u00f6\u00dft.<\/p>\n<h4>Zu welchen Zwecken verarbeiten wir Ihre personenbezogenen Daten?<\/h4>\n<p>Wenn ein Benutzer eine Verbindung zu dieser Website herstellt, z.B. um einen Beitrag zu kommentieren, eine E-Mail an den Eigent\u00fcmer zu senden, sich anzumelden oder einen Vertrag abzuschlie\u00dfen, stellt er pers\u00f6nliche Daten zur Verf\u00fcgung, f\u00fcr die JBJ SEAMOUNT, S.L. verantwortlich ist. Diese Informationen k\u00f6nnen pers\u00f6nliche Daten wie IP-Adresse, Name, Anschrift, E-Mail-Adresse, Telefonnummer und andere Informationen enthalten. Indem Sie diese Informationen zur Verf\u00fcgung stellen, erkl\u00e4ren Sie sich damit einverstanden, dass Ihre Daten von JBJ SEAMOUNT, S.L. gesammelt, verwendet, verwaltet und gespeichert werden, wie im rechtlichen Hinweis und in dieser Datenschutzrichtlinie beschrieben.<\/p>\n<p>Bei JBJ SEAMOUNT, S.L. gibt es verschiedene Systeme zur Erfassung pers\u00f6nlicher Daten, und ich verarbeite die von den Interessenten zur Verf\u00fcgung gestellten Informationen auf folgende Weise:<\/p>\n<ul>\n<li>Kontaktformular: Folgende personenbezogene Daten werden abgefragt: Name, E-Mail und andere Informationen, die uns im Text der Nachricht zur Verf\u00fcgung gestellt werden k\u00f6nnen, um auf die Anforderungen der Nutzer des Webs zu reagieren. Wir k\u00f6nnen diese Daten beispielsweise verwenden, um auf Ihre Anfrage zu antworten und um auf Anfragen, Beschwerden oder Kommentare zu den auf der Website enthaltenen Informationen, den \u00fcber die Website angebotenen Dienstleistungen oder der Verarbeitung Ihrer personenbezogenen Daten zu reagieren.<\/li>\n<li>Benutzerregistrierungsformular: Beim Ausf\u00fcllen der Felder im Abschnitt &#8222;Registrierung&#8220; werden folgende pers\u00f6nliche Daten abgefragt: Vor- und Nachname, E-Mail und Passwort.<\/li>\n<\/ul>\n<p>Andere nicht-identifizierende Daten werden auch durch einige Cookies gesammelt und erhalten, die auf den Computer des Nutzers heruntergeladen werden, wenn er auf dieser Website surft; diese werden in der Cookie-Politik ausf\u00fchrlich beschrieben.<\/p>\n<p>JBJ SEAMOUNT, S.L. wird keine pers\u00f6nlichen Daten, die den Nutzer identifizieren k\u00f6nnten, ohne vorherige Zustimmung an Dritte weitergeben.<\/p>\n<h4>Legitimation f\u00fcr die Verarbeitung Ihrer Daten<\/h4>\n<p>JBJ SEAMOUNT, S.L. ist berechtigt, Ihre personenbezogenen Daten auf der Grundlage der Einwilligung der betroffenen Person zu verarbeiten, wie in Artikel 6.1.a des oben genannten GDPR festgelegt.<\/p>\n<h4>Aufbewahrungsfrist f\u00fcr Ihre Daten<\/h4>\n<p>Die \u00fcbermittelten personenbezogenen Daten werden so lange aufbewahrt, wie eine Gesch\u00e4ftsbeziehung besteht und gegebenenfalls so lange, wie es zur Erf\u00fcllung gesetzlicher Verpflichtungen erforderlich ist, oder bis die betroffene Person die L\u00f6schung ihrer Daten verlangt.<\/p>\n<h4>Sicherheitsma\u00dfnahmen<\/h4>\n<p>JBJ SEAMOUNT, S.L. verpflichtet sich, die personenbezogenen Daten der Nutzer unter Wahrung ihrer Vertraulichkeit zu verwenden und zu verarbeiten, sie entsprechend ihrer Zweckbestimmung zu nutzen und ihrer Verpflichtung zur Aufbewahrung nachzukommen und alle Ma\u00dfnahmen zu ergreifen, um ihre Ver\u00e4nderung, ihren Verlust, ihre Verarbeitung oder ihren unbefugten Zugriff zu verhindern, und zwar in \u00dcbereinstimmung mit den Bestimmungen der geltenden Datenschutzgesetze. Tritt ein Sicherheitsvorfall ein, benachrichtigt JBJ SEAMOUNT, S.L. den Nutzer unverz\u00fcglich, sobald sie davon Kenntnis erlangt, und stellt dem Nutzer rechtzeitig Informationen \u00fcber den Sicherheitsvorfall zur Verf\u00fcgung, sobald dieser bekannt wird.<\/p>\n<p><span style=\"color: #333333; font-size: 18px;\">Verwendung von reCAPTCHA<\/span><\/p>\n<\/section>\n<p>Diese Website ist durch reCAPTCHA gesch\u00fctzt, um sicherzustellen, dass es sich bei den Besuchern, die auf unsere Website zugreifen, um Menschen und nicht um Bots handelt, und um allen Benutzern ein sicheres und effektives Erlebnis zu bieten. reCAPTCHA ist ein Dienst von Google, der dazu beitr\u00e4gt, unsere Website vor Spam und Missbrauch zu sch\u00fctzen.<\/p>\n<p>Durch die Verwendung von reCAPTCHA werden alle gesammelten pers\u00f6nlichen Informationen in \u00dcbereinstimmung mit den Datenschutzbestimmungen und den Nutzungsbedingungen von Google verwendet. Dazu geh\u00f6ren die IP-Adresse Ihres Ger\u00e4ts und alle anderen Informationen, die Google ben\u00f6tigt, um diesen Dienst bereitzustellen und sein ordnungsgem\u00e4\u00dfes Funktionieren zu gew\u00e4hrleisten.<\/p>\n<p>Bitte beachten Sie, dass die Verwendung von reCAPTCHA auf dieser Website den Datenschutzbestimmungen und Nutzungsbedingungen von Google unterliegt.<\/p>\n<p>Weitere Informationen dar\u00fcber, wie Google Ihre Informationen sammelt und verwendet, finden Sie in den Google-Datenschutzbestimmungen und den Nutzungsbedingungen von Google unter den folgenden Links:<\/p>\n<p>Google-Datenschutzbestimmungen: <a href=\"https:\/\/policies.google.com\/privacy?hl=es\">https:\/\/policies.google.com\/privacy?hl=es<\/a><\/p>\n<p>Google-Nutzungsbedingungen: <a href=\"https:\/\/policies.google.com\/terms?hl=es\">https:\/\/policies.google.com\/terms?hl=es<\/a><\/p>\n<section class=\"legal__pages\">\n<h4>Richtigkeit der Daten<\/h4>\n<p>Der Nutzer ist allein f\u00fcr die Richtigkeit der Daten verantwortlich, die er an JBJ SEAMOUNT, S.L. sendet, und entbindet JBJ SEAMOUNT, S.L. von jeglicher Verantwortung in dieser Hinsicht.<\/p>\n<p>Die Nutzer garantieren und sind in jedem Fall f\u00fcr die Richtigkeit, G\u00fcltigkeit und Authentizit\u00e4t der \u00fcbermittelten personenbezogenen Daten verantwortlich und verpflichten sich, diese ordnungsgem\u00e4\u00df auf dem neuesten Stand zu halten. Der Nutzer verpflichtet sich, im Kontakt- oder Anmeldeformular vollst\u00e4ndige und korrekte Angaben zu machen.<\/p>\n<h4>Akzeptanz und Zustimmung<\/h4>\n<p>Der Benutzer erkl\u00e4rt, dass er \u00fcber die Bedingungen des Schutzes der pers\u00f6nlichen Daten informiert wurde und akzeptiert die Verarbeitung dieser Daten durch JBJ SEAMOUNT, S.L. in der Art und Weise und zu den Zwecken, die in dieser Datenschutzrichtlinie angegeben sind.<\/p>\n<h4>Widerrufbarkeit<\/h4>\n<p>Die erteilte Zustimmung, sowohl f\u00fcr die Verarbeitung als auch f\u00fcr die \u00dcbermittlung der Daten der Betroffenen, kann jederzeit widerrufen werden, indem JBJ SEAMOUNT, S.L. gem\u00e4\u00df den in dieser Datenschutzrichtlinie festgelegten Bedingungen f\u00fcr die Aus\u00fcbung ihrer Rechte benachrichtigt wird.<\/p>\n<h4>Links zu anderen Websites<\/h4>\n<p>Die Website <a href=\"https:\/\/sailingtripsmallorca.com\/de\/\">https:\/\/sailingtripsmallorca.com<\/a> kann Links zu anderen Websites enthalten. Wenn Sie auf einen dieser Links klicken und auf eine externe Website zugreifen, unterliegt der Besuch der Datenschutzpolitik der besagten Website, und JBJ SEAMOUNT, S.L. kann nicht f\u00fcr deren Datenschutzpolitik verantwortlich gemacht werden.<\/p>\n<h4>\u00c4nderungen der Datenschutzrichtlinie<\/h4>\n<p>JBJ SEAMOUNT, S.L. beh\u00e4lt sich das Recht vor, diese Politik zu \u00e4ndern, um sie an neue Gesetze und Branchenpraktiken anzupassen. In solchen F\u00e4llen wird JBJ SEAMOUNT, S.L. auf dieser Seite die \u00c4nderungen rechtzeitig vor ihrer Umsetzung bekannt geben.<\/p>\n<\/section>\n","protected":false},"excerpt":{"rendered":"<p>Mit dieser Datenschutzrichtlinie informiert JBJ SEAMOUNT, S.L. die Nutzer seiner Website \u00fcber die Art und Weise, wie die Daten seiner Nutzer verwaltet werden, so dass sie frei und freiwillig entscheiden k\u00f6nnen, ob sie die angeforderten Informationen zur Verf\u00fcgung stellen m\u00f6chten, und die pers\u00f6nlichen Daten der Nutzer auf dieser Website respektiert und gesch\u00fctzt werden. JBJ SEAMOUNT, [&hellip;]<\/p>\n","protected":false},"author":15,"featured_media":0,"parent":0,"menu_order":0,"comment_status":"closed","ping_status":"open","template":"","meta":{"_et_pb_use_builder":"","_et_pb_old_content":"","_et_gb_content_width":"","footnotes":""},"class_list":["post-13772","page","type-page","status-publish","hentry"],"yoast_head":"<!-- This site is optimized with the Yoast SEO plugin v27.2 - https:\/\/yoast.com\/product\/yoast-seo-wordpress\/ -->\n<title>Datenschutzrichtlinie - Sailing Trips Mallorca<\/title>\n<meta name=\"robots\" content=\"index, follow, max-snippet:-1, max-image-preview:large, max-video-preview:-1\" \/>\n<link rel=\"canonical\" href=\"https:\/\/sailingtripsmallorca.com\/de\/datenschutzrichtlinie\/\" \/>\n<meta property=\"og:locale\" content=\"de_DE\" \/>\n<meta property=\"og:type\" content=\"article\" \/>\n<meta property=\"og:title\" content=\"Datenschutzrichtlinie - Sailing Trips Mallorca\" \/>\n<meta property=\"og:description\" content=\"Mit dieser Datenschutzrichtlinie informiert JBJ SEAMOUNT, S.L. die Nutzer seiner Website \u00fcber die Art und Weise, wie die Daten seiner Nutzer verwaltet werden, so dass sie frei und freiwillig entscheiden k\u00f6nnen, ob sie die angeforderten Informationen zur Verf\u00fcgung stellen m\u00f6chten, und die pers\u00f6nlichen Daten der Nutzer auf dieser Website respektiert und gesch\u00fctzt werden. JBJ SEAMOUNT, [&hellip;]\" \/>\n<meta property=\"og:url\" content=\"https:\/\/sailingtripsmallorca.com\/de\/datenschutzrichtlinie\/\" \/>\n<meta property=\"og:site_name\" content=\"Sailing Trips Mallorca\" \/>\n<meta property=\"article:publisher\" content=\"https:\/\/www.facebook.com\/Sailing-Trips-Mallorca-169669560453473\/\" \/>\n<meta name=\"twitter:card\" content=\"summary_large_image\" \/>\n<meta name=\"twitter:site\" content=\"@SailingTripsM\" \/>\n<meta name=\"twitter:label1\" content=\"Gesch\u00e4tzte Lesezeit\" \/>\n\t<meta name=\"twitter:data1\" content=\"9\u00a0Minuten\" \/>\n<script type=\"application\/ld+json\" class=\"yoast-schema-graph\">{\"@context\":\"https:\/\/schema.org\",\"@graph\":[{\"@type\":\"WebPage\",\"@id\":\"https:\/\/sailingtripsmallorca.com\/de\/datenschutzrichtlinie\/\",\"url\":\"https:\/\/sailingtripsmallorca.com\/de\/datenschutzrichtlinie\/\",\"name\":\"Datenschutzrichtlinie - Sailing Trips Mallorca\",\"isPartOf\":{\"@id\":\"https:\/\/sailingtripsmallorca.com\/de\/#website\"},\"datePublished\":\"2022-12-26T09:32:42+00:00\",\"breadcrumb\":{\"@id\":\"https:\/\/sailingtripsmallorca.com\/de\/datenschutzrichtlinie\/#breadcrumb\"},\"inLanguage\":\"de\",\"potentialAction\":[{\"@type\":\"ReadAction\",\"target\":[\"https:\/\/sailingtripsmallorca.com\/de\/datenschutzrichtlinie\/\"]}]},{\"@type\":\"BreadcrumbList\",\"@id\":\"https:\/\/sailingtripsmallorca.com\/de\/datenschutzrichtlinie\/#breadcrumb\",\"itemListElement\":[{\"@type\":\"ListItem\",\"position\":1,\"name\":\"Home\",\"item\":\"https:\/\/sailingtripsmallorca.com\/de\/\"},{\"@type\":\"ListItem\",\"position\":2,\"name\":\"Datenschutzrichtlinie\"}]},{\"@type\":\"WebSite\",\"@id\":\"https:\/\/sailingtripsmallorca.com\/de\/#website\",\"url\":\"https:\/\/sailingtripsmallorca.com\/de\/\",\"name\":\"Sailing Trips Mallorca\",\"description\":\"Excursiones en Barco, velero y catamar\u00e1n: MALLORCA, MENORCA, IBIZA\",\"publisher\":{\"@id\":\"https:\/\/sailingtripsmallorca.com\/de\/#organization\"},\"potentialAction\":[{\"@type\":\"SearchAction\",\"target\":{\"@type\":\"EntryPoint\",\"urlTemplate\":\"https:\/\/sailingtripsmallorca.com\/de\/?s={search_term_string}\"},\"query-input\":{\"@type\":\"PropertyValueSpecification\",\"valueRequired\":true,\"valueName\":\"search_term_string\"}}],\"inLanguage\":\"de\"},{\"@type\":\"Organization\",\"@id\":\"https:\/\/sailingtripsmallorca.com\/de\/#organization\",\"name\":\"Veleros y catamaranes en Mallorca e Islas Baleares\",\"url\":\"https:\/\/sailingtripsmallorca.com\/de\/\",\"logo\":{\"@type\":\"ImageObject\",\"inLanguage\":\"de\",\"@id\":\"https:\/\/sailingtripsmallorca.com\/de\/#\/schema\/logo\/image\/\",\"url\":\"https:\/\/sailingtripsmallorca.com\/wp-content\/uploads\/2023\/01\/logo__sailingtrips__mallorca.png\",\"contentUrl\":\"https:\/\/sailingtripsmallorca.com\/wp-content\/uploads\/2023\/01\/logo__sailingtrips__mallorca.png\",\"width\":242,\"height\":64,\"caption\":\"Veleros y catamaranes en Mallorca e Islas Baleares\"},\"image\":{\"@id\":\"https:\/\/sailingtripsmallorca.com\/de\/#\/schema\/logo\/image\/\"},\"sameAs\":[\"https:\/\/www.facebook.com\/Sailing-Trips-Mallorca-169669560453473\/\",\"https:\/\/x.com\/SailingTripsM\",\"https:\/\/www.pinterest.es\/sailingtrips\/\",\"https:\/\/www.instagram.com\/sailingtripsmallorca\/\"]}]}<\/script>\n<!-- \/ Yoast SEO plugin. -->","yoast_head_json":{"title":"Datenschutzrichtlinie - Sailing Trips Mallorca","robots":{"index":"index","follow":"follow","max-snippet":"max-snippet:-1","max-image-preview":"max-image-preview:large","max-video-preview":"max-video-preview:-1"},"canonical":"https:\/\/sailingtripsmallorca.com\/de\/datenschutzrichtlinie\/","og_locale":"de_DE","og_type":"article","og_title":"Datenschutzrichtlinie - Sailing Trips Mallorca","og_description":"Mit dieser Datenschutzrichtlinie informiert JBJ SEAMOUNT, S.L. die Nutzer seiner Website \u00fcber die Art und Weise, wie die Daten seiner Nutzer verwaltet werden, so dass sie frei und freiwillig entscheiden k\u00f6nnen, ob sie die angeforderten Informationen zur Verf\u00fcgung stellen m\u00f6chten, und die pers\u00f6nlichen Daten der Nutzer auf dieser Website respektiert und gesch\u00fctzt werden. JBJ SEAMOUNT, [&hellip;]","og_url":"https:\/\/sailingtripsmallorca.com\/de\/datenschutzrichtlinie\/","og_site_name":"Sailing Trips Mallorca","article_publisher":"https:\/\/www.facebook.com\/Sailing-Trips-Mallorca-169669560453473\/","twitter_card":"summary_large_image","twitter_site":"@SailingTripsM","twitter_misc":{"Gesch\u00e4tzte Lesezeit":"9\u00a0Minuten"},"schema":{"@context":"https:\/\/schema.org","@graph":[{"@type":"WebPage","@id":"https:\/\/sailingtripsmallorca.com\/de\/datenschutzrichtlinie\/","url":"https:\/\/sailingtripsmallorca.com\/de\/datenschutzrichtlinie\/","name":"Datenschutzrichtlinie - Sailing Trips Mallorca","isPartOf":{"@id":"https:\/\/sailingtripsmallorca.com\/de\/#website"},"datePublished":"2022-12-26T09:32:42+00:00","breadcrumb":{"@id":"https:\/\/sailingtripsmallorca.com\/de\/datenschutzrichtlinie\/#breadcrumb"},"inLanguage":"de","potentialAction":[{"@type":"ReadAction","target":["https:\/\/sailingtripsmallorca.com\/de\/datenschutzrichtlinie\/"]}]},{"@type":"BreadcrumbList","@id":"https:\/\/sailingtripsmallorca.com\/de\/datenschutzrichtlinie\/#breadcrumb","itemListElement":[{"@type":"ListItem","position":1,"name":"Home","item":"https:\/\/sailingtripsmallorca.com\/de\/"},{"@type":"ListItem","position":2,"name":"Datenschutzrichtlinie"}]},{"@type":"WebSite","@id":"https:\/\/sailingtripsmallorca.com\/de\/#website","url":"https:\/\/sailingtripsmallorca.com\/de\/","name":"Sailing Trips Mallorca","description":"Excursiones en Barco, velero y catamar\u00e1n: MALLORCA, MENORCA, IBIZA","publisher":{"@id":"https:\/\/sailingtripsmallorca.com\/de\/#organization"},"potentialAction":[{"@type":"SearchAction","target":{"@type":"EntryPoint","urlTemplate":"https:\/\/sailingtripsmallorca.com\/de\/?s={search_term_string}"},"query-input":{"@type":"PropertyValueSpecification","valueRequired":true,"valueName":"search_term_string"}}],"inLanguage":"de"},{"@type":"Organization","@id":"https:\/\/sailingtripsmallorca.com\/de\/#organization","name":"Veleros y catamaranes en Mallorca e Islas Baleares","url":"https:\/\/sailingtripsmallorca.com\/de\/","logo":{"@type":"ImageObject","inLanguage":"de","@id":"https:\/\/sailingtripsmallorca.com\/de\/#\/schema\/logo\/image\/","url":"https:\/\/sailingtripsmallorca.com\/wp-content\/uploads\/2023\/01\/logo__sailingtrips__mallorca.png","contentUrl":"https:\/\/sailingtripsmallorca.com\/wp-content\/uploads\/2023\/01\/logo__sailingtrips__mallorca.png","width":242,"height":64,"caption":"Veleros y catamaranes en Mallorca e Islas Baleares"},"image":{"@id":"https:\/\/sailingtripsmallorca.com\/de\/#\/schema\/logo\/image\/"},"sameAs":["https:\/\/www.facebook.com\/Sailing-Trips-Mallorca-169669560453473\/","https:\/\/x.com\/SailingTripsM","https:\/\/www.pinterest.es\/sailingtrips\/","https:\/\/www.instagram.com\/sailingtripsmallorca\/"]}]}},"_links":{"self":[{"href":"https:\/\/sailingtripsmallorca.com\/de\/wp-json\/wp\/v2\/pages\/13772","targetHints":{"allow":["GET"]}}],"collection":[{"href":"https:\/\/sailingtripsmallorca.com\/de\/wp-json\/wp\/v2\/pages"}],"about":[{"href":"https:\/\/sailingtripsmallorca.com\/de\/wp-json\/wp\/v2\/types\/page"}],"author":[{"embeddable":true,"href":"https:\/\/sailingtripsmallorca.com\/de\/wp-json\/wp\/v2\/users\/15"}],"replies":[{"embeddable":true,"href":"https:\/\/sailingtripsmallorca.com\/de\/wp-json\/wp\/v2\/comments?post=13772"}],"version-history":[{"count":0,"href":"https:\/\/sailingtripsmallorca.com\/de\/wp-json\/wp\/v2\/pages\/13772\/revisions"}],"wp:attachment":[{"href":"https:\/\/sailingtripsmallorca.com\/de\/wp-json\/wp\/v2\/media?parent=13772"}],"curies":[{"name":"wp","href":"https:\/\/api.w.org\/{rel}","templated":true}]}}