{"id":13702,"date":"2023-06-28T00:44:08","date_gmt":"2023-06-27T22:44:08","guid":{"rendered":"https:\/\/sailingtripsmallorca.com\/bedingungen-und-konditionen-die-sich-aus-dem-bootsverleih-ergeben\/"},"modified":"2023-06-28T00:44:08","modified_gmt":"2023-06-27T22:44:08","slug":"bedingungen-und-konditionen-die-sich-aus-dem-bootsverleih-ergeben","status":"publish","type":"page","link":"https:\/\/sailingtripsmallorca.com\/de\/bedingungen-und-konditionen-die-sich-aus-dem-bootsverleih-ergeben\/","title":{"rendered":"BEDINGUNGEN UND KONDITIONEN, DIE SICH AUS DEM BOOTSVERLEIH ERGEBEN"},"content":{"rendered":"<p>Im Folgenden findest du die Bedingungen f\u00fcr die Nutzung unserer Plattform. Durch die Nutzung unseres Dienstes erkl\u00e4rst du dich mit der Einhaltung dieser Bestimmungen einverstanden.<\/p>\n<h3>Angebotene Dienstleistungen<\/h3>\n<h4>Buchung von Bootsausfl\u00fcgen<\/h4>\n<p>Unsere Plattform erm\u00f6glicht es den Nutzern, Ausfl\u00fcge mit Booten verschiedener Typen und Gr\u00f6\u00dfen zu buchen. Die Bootseigent\u00fcmer sind daf\u00fcr verantwortlich, dass ihre Boote in gutem Zustand sind und die geltenden Vorschriften eingehalten werden.<\/p>\n<h4>Versicherung und Schutz<\/h4>\n<p>Wir bieten unseren Nutzern eine Haftpflichtversicherung, um ihren Schutz w\u00e4hrend der Mietdauer zu gew\u00e4hrleisten. Die Versicherung deckt m\u00f6gliche Sch\u00e4den an Dritten ab, nicht jedoch Sch\u00e4den, die durch Fahrl\u00e4ssigkeit oder Missbrauch des Boots verursacht werden.<\/p>\n<h4>Zahlungen und Stornierungen<\/h4>\n<p>Die Zahlungen erfolgen \u00fcber unsere Plattform mit sicheren und vertrauensw\u00fcrdigen Zahlungsmethoden. Die Nutzer k\u00f6nnen grunds\u00e4tzlich ihre Buchung stornieren, aber die Stornierungsbedingungen variieren je nach den Bedingungen der verschiedenen Bootseigent\u00fcmer.<\/p>\n<h3>Pflichten der Nutzer<\/h3>\n<h4>Ordnungsgem\u00e4\u00dfe Nutzung der Boote<\/h4>\n<p>Die Nutzer sind verpflichtet, die gemieteten Boote verantwortungsbewusst zu nutzen und die in dem Gebiet, in dem sie fahren, geltenden Schifffahrtsvorschriften zu beachten. Es ist verboten, die Boote f\u00fcr illegale oder betr\u00fcgerische Aktivit\u00e4ten zu benutzen oder f\u00fcr Aktivit\u00e4ten, die ein Risiko f\u00fcr die Besatzung, die Passagiere, die Badeg\u00e4ste und\/oder das Boot darstellen k\u00f6nnen.<\/p>\n<h4>Wartung und R\u00fcckgabe<\/h4>\n<p>Die Benutzer sind daf\u00fcr verantwortlich, die vom Bootseigent\u00fcmer aufgestellten Regeln und die geltenden gesetzlichen Bestimmungen einzuhalten und das Boot w\u00e4hrend der Mietdauer ordnungsgem\u00e4\u00df zu nutzen und in gutem Zustand zu halten. Bei Ablauf des Mietvertrags m\u00fcssen sie das Schiff in demselben Zustand zur\u00fcckgeben, in dem sie es erhalten haben.<\/p>\n<h3>Haftungsbeschr\u00e4nkung<\/h3>\n<p>Unsere Plattform fungiert als Vermittler zwischen Nutzern und Bootsbesitzern. Wir haften nicht f\u00fcr Sch\u00e4den oder Verluste, die w\u00e4hrend der Anmietung entstehen, es sei denn, es liegt Fahrl\u00e4ssigkeit seitens unseres Unternehmens vor.<\/p>\n<h3>\u00c4nderung der Bedingungen und Konditionen<\/h3>\n<p>Wir behalten uns das Recht vor, diese Bedingungen jederzeit zu \u00e4ndern. Die \u00c4nderungen treten unmittelbar nach ihrer Ver\u00f6ffentlichung auf unserer Plattform in Kraft.<\/p>\n<h3>Stornierungsrichtlinie<\/h3>\n<p>Besondere Stornierungsbedingungen:<\/p>\n<h4>1. Richtlinie \u00fcber die Absage von Aktivit\u00e4ten aufgrund schlechter Witterungsbedingungen:<\/h4>\n<p>Wenn die Wetterbedingungen das Segeln am gebuchten Datum verhindern, k\u00f6nnen beide Parteien vereinbaren, den Charter zu verschieben, indem sie Sailing Trips Mallorca benachrichtigen.<br \/>\nIn einem solchen Fall und ausschlie\u00dflich bei einer Mietdauer von einem Tag oder weniger erstatten wir den gesamten Buchungsbetrag zur\u00fcck, ausschlie\u00dflich der Servicegeb\u00fchren und der Kommission von Sailing Trips Mallorca, vorausgesetzt, dass Sailing Trips Mallorca sp\u00e4testens am Tag vor der Anmietung schriftlich informiert wird.<br \/>\nIm Rahmen einer Buchung bei einem professionellen Eigent\u00fcmer gelten die Gesch\u00e4ftsbedingungen des professionellen Eigent\u00fcmers. Der Vermieter kann dem Mieter eine Erstattung oder eine \u00c4nderung der Buchungsdaten anbieten.<br \/>\nIm Falle einer R\u00fcckerstattung erstattet der professionelle Vermieter den vom Mieter gezahlten Betrag zur\u00fcck, mit Ausnahme der Servicegeb\u00fchren und der Kommission von Sailing Trips Mallorca, die Sailing Trips Mallorca in Form einer Gutschrift mit einj\u00e4hriger G\u00fcltigkeit zur\u00fcckerstattet.<\/p>\n<h4>2) Stornierungsbedingungen: Flexible Stornierung<\/h4>\n<p>Volle R\u00fcckerstattung bis zu 1 Tag vor der Abholung, ohne Servicegeb\u00fchren und Kommission von Sailing Trips Mallorca. Der Nutzer erh\u00e4lt eine vollst\u00e4ndige R\u00fcckerstattung der Buchung (ohne Servicegeb\u00fchren und Sailing Trips Mallorca Kommission), wenn er\/sie mindestens einen Tag vor der Abholung storniert (zu der in der Anzeige des Eigent\u00fcmers angegebenen Zeit, der zwischen den Nutzern \u00fcber das Sailing Trips Mallorca Nachrichtensystem vereinbarten Zeit oder um 09:00 Uhr Ortszeit, wenn nicht angegeben). Wenn der Nutzer nach der Anreise beschlie\u00dft, den Charter vor dem geplanten Datum zu beenden, werden die nicht genutzten Tage an Bord des Bootes nicht zur\u00fcckerstattet. Stornierungsbedingungen: Moderat &#8211; R\u00fcckerstattung bis zu 70 % bis 10 Tage vor der Abholung, ohne Servicegeb\u00fchren und Kommission von Sailing Trips Mallorca. Wenn der Nutzer die Buchung mindestens 10 Tage vor der Abholung storniert (zu der in der Anzeige des Eigent\u00fcmers angegebenen Zeit, zu der zwischen den Nutzern \u00fcber das Nachrichtensystem von Sailing Trips Mallorca vereinbarten Zeit oder um 09:00 Uhr Ortszeit, falls nicht angegeben), werden dem Nutzer bis zu 70 % des Gesamtbetrags der Buchung erstattet (ohne Servicegeb\u00fchren und Kommission von Sailing Trips Mallorca). Wird weniger als 10 Tage vor der Abholung storniert, wird keine R\u00fcckerstattung vorgenommen. Wenn der Nutzer nach der Anreise beschlie\u00dft, den Charter vor dem geplanten Datum zu beenden, werden die nicht genutzten Tage an Bord des Bootes nicht zur\u00fcckerstattet.<\/p>\n<h4>3. Stornierungsbedingungen: Streng<\/h4>\n<p>R\u00fcckerstattung von bis zu 60 % bis zu 30 Tage vor der Abholung, ausgenommen Servicegeb\u00fchren und Segelreisen Mallorca Kommission. Wenn der Nutzer die Buchung mindestens 30 Tage vor der Abholung storniert (zu der in der Anzeige des Eigent\u00fcmers angegebenen Zeit, zu der zwischen den Nutzern \u00fcber das Nachrichtensystem von Sailing Trips Mallorca vereinbarten Zeit oder um 09:00 Uhr Ortszeit, falls nicht angegeben), werden 60 % des Gesamtbetrags der Buchung (ohne Servicegeb\u00fchren und Kommission von Sailing Trips Mallorca) zur\u00fcckerstattet. Wenn Sie weniger als 30 Tage vor der Abholung stornieren, wird keine R\u00fcckerstattung vorgenommen. Wenn der Nutzer nach der Anreise beschlie\u00dft, den Charter vor dem geplanten Datum zu beenden, werden die nicht genutzten Tage an Bord des Bootes nicht zur\u00fcckerstattet.<\/p>\n<h4>4. Stornierungsbedingungen: Ma\u00dfgeschneidert *.<\/h4>\n<p>Es gelten die spezifischen Stornierungsbedingungen des Eigent\u00fcmers, die in seiner Anzeige unter &#8222;Stornierungsbedingungen&#8220; angegeben sind.<\/p>\n<h3>Stornierung der Reservierung<\/h3>\n<p>Um eine Stornierung vorzunehmen, m\u00fcssen die Nutzer Sailing Trips Mallorca im Voraus schriftlich per E-Mail an info@sailingtripsmallorca.com informieren.<br \/>\nDie Stornierung wird erst wirksam, nachdem Sailing Trips Mallorca eine E-Mail verschickt hat, die die Bearbeitung der Stornierung best\u00e4tigt.<\/p>\n<h3>Anwendbares Recht und Gerichtsbarkeit<\/h3>\n<p>Diese Bedingungen unterliegen den Gesetzen des Landes, in dem unsere Plattform betrieben wird. Alle Streitigkeiten oder Anspr\u00fcche im Zusammenhang mit der Nutzung unserer Dienste werden von den zust\u00e4ndigen Gerichten entschieden.<\/p>\n","protected":false},"excerpt":{"rendered":"<p>Im Folgenden findest du die Bedingungen f\u00fcr die Nutzung unserer Plattform. Durch die Nutzung unseres Dienstes erkl\u00e4rst du dich mit der Einhaltung dieser Bestimmungen einverstanden. Angebotene Dienstleistungen Buchung von Bootsausfl\u00fcgen Unsere Plattform erm\u00f6glicht es den Nutzern, Ausfl\u00fcge mit Booten verschiedener Typen und Gr\u00f6\u00dfen zu buchen. Die Bootseigent\u00fcmer sind daf\u00fcr verantwortlich, dass ihre Boote in gutem [&hellip;]<\/p>\n","protected":false},"author":6,"featured_media":0,"parent":0,"menu_order":0,"comment_status":"closed","ping_status":"closed","template":"","meta":{"_et_pb_use_builder":"","_et_pb_old_content":"","_et_gb_content_width":"","footnotes":""},"class_list":["post-13702","page","type-page","status-publish","hentry"],"yoast_head":"<!-- This site is optimized with the Yoast SEO plugin v27.2 - https:\/\/yoast.com\/product\/yoast-seo-wordpress\/ -->\n<title>BEDINGUNGEN UND KONDITIONEN, DIE SICH AUS DEM BOOTSVERLEIH ERGEBEN - Sailing Trips Mallorca<\/title>\n<meta name=\"description\" content=\"Bedingungen und Konditionen f\u00fcr den Bootsverleih: Buchung, Zahlung, Kaution, Versicherung, Storno, Sicherheit und Verantwortung \u2013 transparent erkl\u00e4rt.\" \/>\n<meta name=\"robots\" content=\"index, follow, max-snippet:-1, max-image-preview:large, max-video-preview:-1\" \/>\n<link rel=\"canonical\" href=\"https:\/\/sailingtripsmallorca.com\/de\/bedingungen-und-konditionen-die-sich-aus-dem-bootsverleih-ergeben\/\" \/>\n<meta property=\"og:locale\" content=\"de_DE\" \/>\n<meta property=\"og:type\" content=\"article\" \/>\n<meta property=\"og:title\" content=\"BEDINGUNGEN UND KONDITIONEN, DIE SICH AUS DEM BOOTSVERLEIH ERGEBEN - Sailing Trips Mallorca\" \/>\n<meta property=\"og:description\" content=\"Bedingungen und Konditionen f\u00fcr den Bootsverleih: Buchung, Zahlung, Kaution, Versicherung, Storno, Sicherheit und Verantwortung \u2013 transparent erkl\u00e4rt.\" \/>\n<meta property=\"og:url\" content=\"https:\/\/sailingtripsmallorca.com\/de\/bedingungen-und-konditionen-die-sich-aus-dem-bootsverleih-ergeben\/\" \/>\n<meta property=\"og:site_name\" content=\"Sailing Trips Mallorca\" \/>\n<meta property=\"article:publisher\" content=\"https:\/\/www.facebook.com\/Sailing-Trips-Mallorca-169669560453473\/\" \/>\n<meta name=\"twitter:card\" content=\"summary_large_image\" \/>\n<meta name=\"twitter:site\" content=\"@SailingTripsM\" \/>\n<meta name=\"twitter:label1\" content=\"Gesch\u00e4tzte Lesezeit\" \/>\n\t<meta name=\"twitter:data1\" content=\"5\u00a0Minuten\" \/>\n<script type=\"application\/ld+json\" class=\"yoast-schema-graph\">{\"@context\":\"https:\/\/schema.org\",\"@graph\":[{\"@type\":\"WebPage\",\"@id\":\"https:\/\/sailingtripsmallorca.com\/de\/bedingungen-und-konditionen-die-sich-aus-dem-bootsverleih-ergeben\/\",\"url\":\"https:\/\/sailingtripsmallorca.com\/de\/bedingungen-und-konditionen-die-sich-aus-dem-bootsverleih-ergeben\/\",\"name\":\"BEDINGUNGEN UND KONDITIONEN, DIE SICH AUS DEM BOOTSVERLEIH ERGEBEN - Sailing Trips Mallorca\",\"isPartOf\":{\"@id\":\"https:\/\/sailingtripsmallorca.com\/de\/#website\"},\"datePublished\":\"2023-06-27T22:44:08+00:00\",\"description\":\"Bedingungen und Konditionen f\u00fcr den Bootsverleih: Buchung, Zahlung, Kaution, Versicherung, Storno, Sicherheit und Verantwortung \u2013 transparent erkl\u00e4rt.\",\"breadcrumb\":{\"@id\":\"https:\/\/sailingtripsmallorca.com\/de\/bedingungen-und-konditionen-die-sich-aus-dem-bootsverleih-ergeben\/#breadcrumb\"},\"inLanguage\":\"de\",\"potentialAction\":[{\"@type\":\"ReadAction\",\"target\":[\"https:\/\/sailingtripsmallorca.com\/de\/bedingungen-und-konditionen-die-sich-aus-dem-bootsverleih-ergeben\/\"]}]},{\"@type\":\"BreadcrumbList\",\"@id\":\"https:\/\/sailingtripsmallorca.com\/de\/bedingungen-und-konditionen-die-sich-aus-dem-bootsverleih-ergeben\/#breadcrumb\",\"itemListElement\":[{\"@type\":\"ListItem\",\"position\":1,\"name\":\"Home\",\"item\":\"https:\/\/sailingtripsmallorca.com\/de\/\"},{\"@type\":\"ListItem\",\"position\":2,\"name\":\"BEDINGUNGEN UND KONDITIONEN, DIE SICH AUS DEM BOOTSVERLEIH ERGEBEN\"}]},{\"@type\":\"WebSite\",\"@id\":\"https:\/\/sailingtripsmallorca.com\/de\/#website\",\"url\":\"https:\/\/sailingtripsmallorca.com\/de\/\",\"name\":\"Sailing Trips Mallorca\",\"description\":\"Excursiones en Barco, velero y catamar\u00e1n: MALLORCA, MENORCA, IBIZA\",\"publisher\":{\"@id\":\"https:\/\/sailingtripsmallorca.com\/de\/#organization\"},\"potentialAction\":[{\"@type\":\"SearchAction\",\"target\":{\"@type\":\"EntryPoint\",\"urlTemplate\":\"https:\/\/sailingtripsmallorca.com\/de\/?s={search_term_string}\"},\"query-input\":{\"@type\":\"PropertyValueSpecification\",\"valueRequired\":true,\"valueName\":\"search_term_string\"}}],\"inLanguage\":\"de\"},{\"@type\":\"Organization\",\"@id\":\"https:\/\/sailingtripsmallorca.com\/de\/#organization\",\"name\":\"Veleros y catamaranes en Mallorca e Islas Baleares\",\"url\":\"https:\/\/sailingtripsmallorca.com\/de\/\",\"logo\":{\"@type\":\"ImageObject\",\"inLanguage\":\"de\",\"@id\":\"https:\/\/sailingtripsmallorca.com\/de\/#\/schema\/logo\/image\/\",\"url\":\"https:\/\/sailingtripsmallorca.com\/wp-content\/uploads\/2023\/01\/logo__sailingtrips__mallorca.png\",\"contentUrl\":\"https:\/\/sailingtripsmallorca.com\/wp-content\/uploads\/2023\/01\/logo__sailingtrips__mallorca.png\",\"width\":242,\"height\":64,\"caption\":\"Veleros y catamaranes en Mallorca e Islas Baleares\"},\"image\":{\"@id\":\"https:\/\/sailingtripsmallorca.com\/de\/#\/schema\/logo\/image\/\"},\"sameAs\":[\"https:\/\/www.facebook.com\/Sailing-Trips-Mallorca-169669560453473\/\",\"https:\/\/x.com\/SailingTripsM\",\"https:\/\/www.pinterest.es\/sailingtrips\/\",\"https:\/\/www.instagram.com\/sailingtripsmallorca\/\"]}]}<\/script>\n<!-- \/ Yoast SEO plugin. -->","yoast_head_json":{"title":"BEDINGUNGEN UND KONDITIONEN, DIE SICH AUS DEM BOOTSVERLEIH ERGEBEN - Sailing Trips Mallorca","description":"Bedingungen und Konditionen f\u00fcr den Bootsverleih: Buchung, Zahlung, Kaution, Versicherung, Storno, Sicherheit und Verantwortung \u2013 transparent erkl\u00e4rt.","robots":{"index":"index","follow":"follow","max-snippet":"max-snippet:-1","max-image-preview":"max-image-preview:large","max-video-preview":"max-video-preview:-1"},"canonical":"https:\/\/sailingtripsmallorca.com\/de\/bedingungen-und-konditionen-die-sich-aus-dem-bootsverleih-ergeben\/","og_locale":"de_DE","og_type":"article","og_title":"BEDINGUNGEN UND KONDITIONEN, DIE SICH AUS DEM BOOTSVERLEIH ERGEBEN - Sailing Trips Mallorca","og_description":"Bedingungen und Konditionen f\u00fcr den Bootsverleih: Buchung, Zahlung, Kaution, Versicherung, Storno, Sicherheit und Verantwortung \u2013 transparent erkl\u00e4rt.","og_url":"https:\/\/sailingtripsmallorca.com\/de\/bedingungen-und-konditionen-die-sich-aus-dem-bootsverleih-ergeben\/","og_site_name":"Sailing Trips Mallorca","article_publisher":"https:\/\/www.facebook.com\/Sailing-Trips-Mallorca-169669560453473\/","twitter_card":"summary_large_image","twitter_site":"@SailingTripsM","twitter_misc":{"Gesch\u00e4tzte Lesezeit":"5\u00a0Minuten"},"schema":{"@context":"https:\/\/schema.org","@graph":[{"@type":"WebPage","@id":"https:\/\/sailingtripsmallorca.com\/de\/bedingungen-und-konditionen-die-sich-aus-dem-bootsverleih-ergeben\/","url":"https:\/\/sailingtripsmallorca.com\/de\/bedingungen-und-konditionen-die-sich-aus-dem-bootsverleih-ergeben\/","name":"BEDINGUNGEN UND KONDITIONEN, DIE SICH AUS DEM BOOTSVERLEIH ERGEBEN - Sailing Trips Mallorca","isPartOf":{"@id":"https:\/\/sailingtripsmallorca.com\/de\/#website"},"datePublished":"2023-06-27T22:44:08+00:00","description":"Bedingungen und Konditionen f\u00fcr den Bootsverleih: Buchung, Zahlung, Kaution, Versicherung, Storno, Sicherheit und Verantwortung \u2013 transparent erkl\u00e4rt.","breadcrumb":{"@id":"https:\/\/sailingtripsmallorca.com\/de\/bedingungen-und-konditionen-die-sich-aus-dem-bootsverleih-ergeben\/#breadcrumb"},"inLanguage":"de","potentialAction":[{"@type":"ReadAction","target":["https:\/\/sailingtripsmallorca.com\/de\/bedingungen-und-konditionen-die-sich-aus-dem-bootsverleih-ergeben\/"]}]},{"@type":"BreadcrumbList","@id":"https:\/\/sailingtripsmallorca.com\/de\/bedingungen-und-konditionen-die-sich-aus-dem-bootsverleih-ergeben\/#breadcrumb","itemListElement":[{"@type":"ListItem","position":1,"name":"Home","item":"https:\/\/sailingtripsmallorca.com\/de\/"},{"@type":"ListItem","position":2,"name":"BEDINGUNGEN UND KONDITIONEN, DIE SICH AUS DEM BOOTSVERLEIH ERGEBEN"}]},{"@type":"WebSite","@id":"https:\/\/sailingtripsmallorca.com\/de\/#website","url":"https:\/\/sailingtripsmallorca.com\/de\/","name":"Sailing Trips Mallorca","description":"Excursiones en Barco, velero y catamar\u00e1n: MALLORCA, MENORCA, IBIZA","publisher":{"@id":"https:\/\/sailingtripsmallorca.com\/de\/#organization"},"potentialAction":[{"@type":"SearchAction","target":{"@type":"EntryPoint","urlTemplate":"https:\/\/sailingtripsmallorca.com\/de\/?s={search_term_string}"},"query-input":{"@type":"PropertyValueSpecification","valueRequired":true,"valueName":"search_term_string"}}],"inLanguage":"de"},{"@type":"Organization","@id":"https:\/\/sailingtripsmallorca.com\/de\/#organization","name":"Veleros y catamaranes en Mallorca e Islas Baleares","url":"https:\/\/sailingtripsmallorca.com\/de\/","logo":{"@type":"ImageObject","inLanguage":"de","@id":"https:\/\/sailingtripsmallorca.com\/de\/#\/schema\/logo\/image\/","url":"https:\/\/sailingtripsmallorca.com\/wp-content\/uploads\/2023\/01\/logo__sailingtrips__mallorca.png","contentUrl":"https:\/\/sailingtripsmallorca.com\/wp-content\/uploads\/2023\/01\/logo__sailingtrips__mallorca.png","width":242,"height":64,"caption":"Veleros y catamaranes en Mallorca e Islas Baleares"},"image":{"@id":"https:\/\/sailingtripsmallorca.com\/de\/#\/schema\/logo\/image\/"},"sameAs":["https:\/\/www.facebook.com\/Sailing-Trips-Mallorca-169669560453473\/","https:\/\/x.com\/SailingTripsM","https:\/\/www.pinterest.es\/sailingtrips\/","https:\/\/www.instagram.com\/sailingtripsmallorca\/"]}]}},"_links":{"self":[{"href":"https:\/\/sailingtripsmallorca.com\/de\/wp-json\/wp\/v2\/pages\/13702","targetHints":{"allow":["GET"]}}],"collection":[{"href":"https:\/\/sailingtripsmallorca.com\/de\/wp-json\/wp\/v2\/pages"}],"about":[{"href":"https:\/\/sailingtripsmallorca.com\/de\/wp-json\/wp\/v2\/types\/page"}],"author":[{"embeddable":true,"href":"https:\/\/sailingtripsmallorca.com\/de\/wp-json\/wp\/v2\/users\/6"}],"replies":[{"embeddable":true,"href":"https:\/\/sailingtripsmallorca.com\/de\/wp-json\/wp\/v2\/comments?post=13702"}],"version-history":[{"count":0,"href":"https:\/\/sailingtripsmallorca.com\/de\/wp-json\/wp\/v2\/pages\/13702\/revisions"}],"wp:attachment":[{"href":"https:\/\/sailingtripsmallorca.com\/de\/wp-json\/wp\/v2\/media?parent=13702"}],"curies":[{"name":"wp","href":"https:\/\/api.w.org\/{rel}","templated":true}]}}