{"id":13701,"date":"2023-01-10T13:56:22","date_gmt":"2023-01-10T12:56:22","guid":{"rendered":"https:\/\/sailingtripsmallorca.com\/cookie-richtlinie\/"},"modified":"2023-01-10T13:56:22","modified_gmt":"2023-01-10T12:56:22","slug":"cookie-richtlinie","status":"publish","type":"page","link":"https:\/\/sailingtripsmallorca.com\/de\/cookie-richtlinie\/","title":{"rendered":"Cookie-Richtlinie"},"content":{"rendered":"<section class=\"legal__pages\">\n<h4>Was sind Cookies?<\/h4>\n<p>Die Website von JBJ SEAMOUNT, S.L, <a href=\"\/\" target=\"_self\" rel=\"noreferrer noopener\">www.sailingtripsmallorca.com<\/a>, verwendet Cookies und andere Dateien mit \u00e4hnlicher Funktionalit\u00e4t (im Folgenden &#8222;Cookies&#8220;).<\/p>\n<p>Cookies sind kleine Datenarchive, die beim Besuch einer Webseite an den Computer, das Mobiltelefon oder ein anderes Zugangsger\u00e4t des Nutzers gesendet werden und die es erm\u00f6glichen, Informationen \u00fcber das Surfen oder einen Code zu erhalten, der eine eindeutige Identifizierung des Nutzers erm\u00f6glicht.<\/p>\n<h4>Arten von Cookies und Verwendungszwecke<\/h4>\n<p>Beim Surfen auf dieser Website werden <strong>Sitzungscookies<\/strong> und <strong>dauerhafte Cookies<\/strong> verwendet, bei denen es sich wiederum um <strong>Erstanbieter-<\/strong> oder <strong>Drittanbieter-Cookies<\/strong> handeln kann.<\/p>\n<p><strong>Sitzungscookies<\/strong> sind Cookies, die dazu dienen, Daten zu sammeln und zu speichern, w\u00e4hrend der Nutzer auf eine Website zugreift. Sie werden in der Regel verwendet, um Informationen zu speichern, die nur f\u00fcr die Erbringung des vom Nutzer angeforderten Dienstes bei einer einzigen Gelegenheit relevant sind.<\/p>\n<p><strong>Dauerhafte Cookies<\/strong> sind eine Art von Cookies, bei denen die Daten auf dem Endger\u00e4t gespeichert bleiben und f\u00fcr einen von der f\u00fcr das Cookie verantwortlichen Partei festgelegten Zeitraum, der von einigen Minuten bis zu mehreren Jahren reichen kann, abgerufen und verarbeitet werden k\u00f6nnen.<\/p>\n<p><strong>EIGENE COOKIES:<\/strong> Diejenigen, die von der f\u00fcr die Website JBJ SEAMOUNT, S.L. verantwortlichen Partei erstellt oder verwaltet werden. Die Website <a href=\"\/\" target=\"_self\" rel=\"noreferrer noopener\">www.sailingtripsmallorca.com<\/a> verwendet ihre eigenen dauerhaften Cookies zu Analysezwecken. Die gesammelten Informationen werden verwendet, um die Aktivit\u00e4t der Website zu messen und Profile der Nutzer zu erstellen, um Verbesserungen auf der Grundlage der Analyse der Daten \u00fcber die Nutzung des Dienstes durch die Nutzer vorzunehmen.<\/p>\n<p><strong>COOKIES VON DRITTANBIETERN:<\/strong> Diejenigen, die von Anbietern von Werbung, sozialen Netzwerken und Analysediensten verwaltet werden, die nicht mit JBJ SEAMOUNT, S.L. in Verbindung stehen.<\/p>\n<h4>Deaktivieren oder L\u00f6schen von Cookies<\/h4>\n<p>Bei den meisten Webbrowsern kann der Nutzer die Einstellungen f\u00fcr die Verwendung von Cookies jederzeit \u00e4ndern. Der Nutzer kann seinen Browser so einstellen, dass er Cookies ablehnt, oder bestimmte Cookies nach eigenem Ermessen l\u00f6schen.<\/p>\n<p>F\u00fcr die Konfiguration von Cookies hat der Benutzer Zugriff auf:<\/p>\n<p><strong>GOOGLE CHROME:<\/strong> Extras \u00bb Einstellungen \u00bb Erweiterte Optionen anzeigen \u00bb Inhaltseinstellungen \u00bb Cookies \u00bb Website-Daten und Cookies von Drittanbietern blockieren.<\/p>\n<p><strong>MOZILLA FIREFOX:<\/strong> Extras \u00bb Optionen \u00bb Datenschutz \u00bb Verlauf \u00bb Benutzerdefinierte Einstellungen f\u00fcr den Verlauf verwenden (alle Kontrollk\u00e4stchen deaktivieren).<\/p>\n<p><strong>INTERNET EXPLORER:<\/strong> Extras \u00bb Internetoptionen \u00bb Datenschutz (Wenn du alle Cookies blockieren willst, musst du den Schieberegler ganz nach oben ziehen. Best\u00e4tige die Einstellungen mit &#8222;OK&#8220;).<\/p>\n<p><strong>SAFARI:<\/strong> Bearbeiten \u00bb Einstellungen \u00bb Datenschutz \u00bb Cookies blockieren (&#8222;immer&#8220; ausw\u00e4hlen).<\/p>\n<p><strong>OPERA 19:<\/strong> Men\u00fc \u00bb Einstellungen \u00bb Datenschutz und Sicherheit \u00bb Abschnitt Cookies (w\u00e4hle &#8222;Cookies von Drittanbietern und Website-Daten blockieren&#8220;). Die Nutzer k\u00f6nnen ihre Zustimmung zur Verwendung von Cookies in ihrem Browser widerrufen, indem sie die oben genannten Anweisungen befolgen oder ein Opt-out-System in ihrem Webbrowser installieren.<\/p>\n<p>Der Nutzer muss ber\u00fccksichtigen, dass einige Funktionen der Inhalte der Website <a href=\"\/\" target=\"_blank\" rel=\"noopener\">www.sailingtripsmallorca.com<\/a> nur verf\u00fcgbar sind, wenn die Installation von Cookies in seinem Browser erlaubt ist. Wenn du dich daf\u00fcr entscheidest, bestimmte Cookies (je nach deren Zweck) nicht zu akzeptieren oder zu blockieren, kann dies den normalen Betrieb der Website ganz oder teilweise beeintr\u00e4chtigen oder den Zugang zu einigen ihrer Dienste verhindern.<\/p>\n<\/section>\n","protected":false},"excerpt":{"rendered":"<p>Was sind Cookies? Die Website von JBJ SEAMOUNT, S.L, www.sailingtripsmallorca.com, verwendet Cookies und andere Dateien mit \u00e4hnlicher Funktionalit\u00e4t (im Folgenden &#8222;Cookies&#8220;). Cookies sind kleine Datenarchive, die beim Besuch einer Webseite an den Computer, das Mobiltelefon oder ein anderes Zugangsger\u00e4t des Nutzers gesendet werden und die es erm\u00f6glichen, Informationen \u00fcber das Surfen oder einen Code zu [&hellip;]<\/p>\n","protected":false},"author":15,"featured_media":0,"parent":0,"menu_order":0,"comment_status":"closed","ping_status":"closed","template":"","meta":{"_et_pb_use_builder":"","_et_pb_old_content":"","_et_gb_content_width":"","footnotes":""},"class_list":["post-13701","page","type-page","status-publish","hentry"],"yoast_head":"<!-- This site is optimized with the Yoast SEO plugin v27.2 - https:\/\/yoast.com\/product\/yoast-seo-wordpress\/ -->\n<title>Cookie-Richtlinie - Sailing Trips Mallorca<\/title>\n<meta name=\"robots\" content=\"index, follow, max-snippet:-1, max-image-preview:large, max-video-preview:-1\" \/>\n<link rel=\"canonical\" href=\"https:\/\/sailingtripsmallorca.com\/de\/cookie-richtlinie\/\" \/>\n<meta property=\"og:locale\" content=\"de_DE\" \/>\n<meta property=\"og:type\" content=\"article\" \/>\n<meta property=\"og:title\" content=\"Cookie-Richtlinie - Sailing Trips Mallorca\" \/>\n<meta property=\"og:description\" content=\"Was sind Cookies? Die Website von JBJ SEAMOUNT, S.L, www.sailingtripsmallorca.com, verwendet Cookies und andere Dateien mit \u00e4hnlicher Funktionalit\u00e4t (im Folgenden &#8222;Cookies&#8220;). Cookies sind kleine Datenarchive, die beim Besuch einer Webseite an den Computer, das Mobiltelefon oder ein anderes Zugangsger\u00e4t des Nutzers gesendet werden und die es erm\u00f6glichen, Informationen \u00fcber das Surfen oder einen Code zu [&hellip;]\" \/>\n<meta property=\"og:url\" content=\"https:\/\/sailingtripsmallorca.com\/de\/cookie-richtlinie\/\" \/>\n<meta property=\"og:site_name\" content=\"Sailing Trips Mallorca\" \/>\n<meta property=\"article:publisher\" content=\"https:\/\/www.facebook.com\/Sailing-Trips-Mallorca-169669560453473\/\" \/>\n<meta name=\"twitter:card\" content=\"summary_large_image\" \/>\n<meta name=\"twitter:site\" content=\"@SailingTripsM\" \/>\n<meta name=\"twitter:label1\" content=\"Gesch\u00e4tzte Lesezeit\" \/>\n\t<meta name=\"twitter:data1\" content=\"3\u00a0Minuten\" \/>\n<script type=\"application\/ld+json\" class=\"yoast-schema-graph\">{\"@context\":\"https:\/\/schema.org\",\"@graph\":[{\"@type\":\"WebPage\",\"@id\":\"https:\/\/sailingtripsmallorca.com\/de\/cookie-richtlinie\/\",\"url\":\"https:\/\/sailingtripsmallorca.com\/de\/cookie-richtlinie\/\",\"name\":\"Cookie-Richtlinie - Sailing Trips Mallorca\",\"isPartOf\":{\"@id\":\"https:\/\/sailingtripsmallorca.com\/de\/#website\"},\"datePublished\":\"2023-01-10T12:56:22+00:00\",\"breadcrumb\":{\"@id\":\"https:\/\/sailingtripsmallorca.com\/de\/cookie-richtlinie\/#breadcrumb\"},\"inLanguage\":\"de\",\"potentialAction\":[{\"@type\":\"ReadAction\",\"target\":[\"https:\/\/sailingtripsmallorca.com\/de\/cookie-richtlinie\/\"]}]},{\"@type\":\"BreadcrumbList\",\"@id\":\"https:\/\/sailingtripsmallorca.com\/de\/cookie-richtlinie\/#breadcrumb\",\"itemListElement\":[{\"@type\":\"ListItem\",\"position\":1,\"name\":\"Home\",\"item\":\"https:\/\/sailingtripsmallorca.com\/de\/\"},{\"@type\":\"ListItem\",\"position\":2,\"name\":\"Cookie-Richtlinie\"}]},{\"@type\":\"WebSite\",\"@id\":\"https:\/\/sailingtripsmallorca.com\/de\/#website\",\"url\":\"https:\/\/sailingtripsmallorca.com\/de\/\",\"name\":\"Sailing Trips Mallorca\",\"description\":\"Excursiones en Barco, velero y catamar\u00e1n: MALLORCA, MENORCA, IBIZA\",\"publisher\":{\"@id\":\"https:\/\/sailingtripsmallorca.com\/de\/#organization\"},\"potentialAction\":[{\"@type\":\"SearchAction\",\"target\":{\"@type\":\"EntryPoint\",\"urlTemplate\":\"https:\/\/sailingtripsmallorca.com\/de\/?s={search_term_string}\"},\"query-input\":{\"@type\":\"PropertyValueSpecification\",\"valueRequired\":true,\"valueName\":\"search_term_string\"}}],\"inLanguage\":\"de\"},{\"@type\":\"Organization\",\"@id\":\"https:\/\/sailingtripsmallorca.com\/de\/#organization\",\"name\":\"Veleros y catamaranes en Mallorca e Islas Baleares\",\"url\":\"https:\/\/sailingtripsmallorca.com\/de\/\",\"logo\":{\"@type\":\"ImageObject\",\"inLanguage\":\"de\",\"@id\":\"https:\/\/sailingtripsmallorca.com\/de\/#\/schema\/logo\/image\/\",\"url\":\"https:\/\/sailingtripsmallorca.com\/wp-content\/uploads\/2023\/01\/logo__sailingtrips__mallorca.png\",\"contentUrl\":\"https:\/\/sailingtripsmallorca.com\/wp-content\/uploads\/2023\/01\/logo__sailingtrips__mallorca.png\",\"width\":242,\"height\":64,\"caption\":\"Veleros y catamaranes en Mallorca e Islas Baleares\"},\"image\":{\"@id\":\"https:\/\/sailingtripsmallorca.com\/de\/#\/schema\/logo\/image\/\"},\"sameAs\":[\"https:\/\/www.facebook.com\/Sailing-Trips-Mallorca-169669560453473\/\",\"https:\/\/x.com\/SailingTripsM\",\"https:\/\/www.pinterest.es\/sailingtrips\/\",\"https:\/\/www.instagram.com\/sailingtripsmallorca\/\"]}]}<\/script>\n<!-- \/ Yoast SEO plugin. -->","yoast_head_json":{"title":"Cookie-Richtlinie - Sailing Trips Mallorca","robots":{"index":"index","follow":"follow","max-snippet":"max-snippet:-1","max-image-preview":"max-image-preview:large","max-video-preview":"max-video-preview:-1"},"canonical":"https:\/\/sailingtripsmallorca.com\/de\/cookie-richtlinie\/","og_locale":"de_DE","og_type":"article","og_title":"Cookie-Richtlinie - Sailing Trips Mallorca","og_description":"Was sind Cookies? Die Website von JBJ SEAMOUNT, S.L, www.sailingtripsmallorca.com, verwendet Cookies und andere Dateien mit \u00e4hnlicher Funktionalit\u00e4t (im Folgenden &#8222;Cookies&#8220;). Cookies sind kleine Datenarchive, die beim Besuch einer Webseite an den Computer, das Mobiltelefon oder ein anderes Zugangsger\u00e4t des Nutzers gesendet werden und die es erm\u00f6glichen, Informationen \u00fcber das Surfen oder einen Code zu [&hellip;]","og_url":"https:\/\/sailingtripsmallorca.com\/de\/cookie-richtlinie\/","og_site_name":"Sailing Trips Mallorca","article_publisher":"https:\/\/www.facebook.com\/Sailing-Trips-Mallorca-169669560453473\/","twitter_card":"summary_large_image","twitter_site":"@SailingTripsM","twitter_misc":{"Gesch\u00e4tzte Lesezeit":"3\u00a0Minuten"},"schema":{"@context":"https:\/\/schema.org","@graph":[{"@type":"WebPage","@id":"https:\/\/sailingtripsmallorca.com\/de\/cookie-richtlinie\/","url":"https:\/\/sailingtripsmallorca.com\/de\/cookie-richtlinie\/","name":"Cookie-Richtlinie - Sailing Trips Mallorca","isPartOf":{"@id":"https:\/\/sailingtripsmallorca.com\/de\/#website"},"datePublished":"2023-01-10T12:56:22+00:00","breadcrumb":{"@id":"https:\/\/sailingtripsmallorca.com\/de\/cookie-richtlinie\/#breadcrumb"},"inLanguage":"de","potentialAction":[{"@type":"ReadAction","target":["https:\/\/sailingtripsmallorca.com\/de\/cookie-richtlinie\/"]}]},{"@type":"BreadcrumbList","@id":"https:\/\/sailingtripsmallorca.com\/de\/cookie-richtlinie\/#breadcrumb","itemListElement":[{"@type":"ListItem","position":1,"name":"Home","item":"https:\/\/sailingtripsmallorca.com\/de\/"},{"@type":"ListItem","position":2,"name":"Cookie-Richtlinie"}]},{"@type":"WebSite","@id":"https:\/\/sailingtripsmallorca.com\/de\/#website","url":"https:\/\/sailingtripsmallorca.com\/de\/","name":"Sailing Trips Mallorca","description":"Excursiones en Barco, velero y catamar\u00e1n: MALLORCA, MENORCA, IBIZA","publisher":{"@id":"https:\/\/sailingtripsmallorca.com\/de\/#organization"},"potentialAction":[{"@type":"SearchAction","target":{"@type":"EntryPoint","urlTemplate":"https:\/\/sailingtripsmallorca.com\/de\/?s={search_term_string}"},"query-input":{"@type":"PropertyValueSpecification","valueRequired":true,"valueName":"search_term_string"}}],"inLanguage":"de"},{"@type":"Organization","@id":"https:\/\/sailingtripsmallorca.com\/de\/#organization","name":"Veleros y catamaranes en Mallorca e Islas Baleares","url":"https:\/\/sailingtripsmallorca.com\/de\/","logo":{"@type":"ImageObject","inLanguage":"de","@id":"https:\/\/sailingtripsmallorca.com\/de\/#\/schema\/logo\/image\/","url":"https:\/\/sailingtripsmallorca.com\/wp-content\/uploads\/2023\/01\/logo__sailingtrips__mallorca.png","contentUrl":"https:\/\/sailingtripsmallorca.com\/wp-content\/uploads\/2023\/01\/logo__sailingtrips__mallorca.png","width":242,"height":64,"caption":"Veleros y catamaranes en Mallorca e Islas Baleares"},"image":{"@id":"https:\/\/sailingtripsmallorca.com\/de\/#\/schema\/logo\/image\/"},"sameAs":["https:\/\/www.facebook.com\/Sailing-Trips-Mallorca-169669560453473\/","https:\/\/x.com\/SailingTripsM","https:\/\/www.pinterest.es\/sailingtrips\/","https:\/\/www.instagram.com\/sailingtripsmallorca\/"]}]}},"_links":{"self":[{"href":"https:\/\/sailingtripsmallorca.com\/de\/wp-json\/wp\/v2\/pages\/13701","targetHints":{"allow":["GET"]}}],"collection":[{"href":"https:\/\/sailingtripsmallorca.com\/de\/wp-json\/wp\/v2\/pages"}],"about":[{"href":"https:\/\/sailingtripsmallorca.com\/de\/wp-json\/wp\/v2\/types\/page"}],"author":[{"embeddable":true,"href":"https:\/\/sailingtripsmallorca.com\/de\/wp-json\/wp\/v2\/users\/15"}],"replies":[{"embeddable":true,"href":"https:\/\/sailingtripsmallorca.com\/de\/wp-json\/wp\/v2\/comments?post=13701"}],"version-history":[{"count":0,"href":"https:\/\/sailingtripsmallorca.com\/de\/wp-json\/wp\/v2\/pages\/13701\/revisions"}],"wp:attachment":[{"href":"https:\/\/sailingtripsmallorca.com\/de\/wp-json\/wp\/v2\/media?parent=13701"}],"curies":[{"name":"wp","href":"https:\/\/api.w.org\/{rel}","templated":true}]}}