{"id":13698,"date":"2023-01-31T10:55:43","date_gmt":"2023-01-31T09:55:43","guid":{"rendered":"https:\/\/sailingtripsmallorca.com\/blog\/"},"modified":"2023-08-12T13:06:21","modified_gmt":"2023-08-12T11:06:21","slug":"blog","status":"publish","type":"page","link":"https:\/\/sailingtripsmallorca.com\/de\/blog\/","title":{"rendered":"Blog"},"content":{"rendered":"<p>[et_pb_section fb_built=&#8220;1&#8243; admin_label=&#8220;Header&#8220; _builder_version=&#8220;4.19.5&#8243; _module_preset=&#8220;default&#8220; background_color=&#8220;#FFFFFF&#8220; collapsed=&#8220;off&#8220; global_colors_info=&#8220;{}&#8220;][et_pb_row _builder_version=&#8220;4.19.0&#8243; _module_preset=&#8220;default&#8220; collapsed=&#8220;off&#8220; global_colors_info=&#8220;{}&#8220;][et_pb_column type=&#8220;4_4&#8243; _builder_version=&#8220;4.19.0&#8243; _module_preset=&#8220;default&#8220; global_colors_info=&#8220;{}&#8220;][et_pb_text admin_label=&#8220;Title&#8220; _builder_version=&#8220;4.20.4&#8243; _module_preset=&#8220;c16985e1-e0d6-4022-964d-e2bfc04fa633&#8243; header_font_size=&#8220;72px&#8220; header_line_height=&#8220;1.35em&#8220; text_orientation=&#8220;center&#8220; header_font_size_tablet=&#8220;40px&#8220; header_font_size_phone=&#8220;24px&#8220; header_font_size_last_edited=&#8220;on|desktop&#8220; global_colors_info=&#8220;{}&#8220;]<\/p>\n<h1>Blog \u00fcber sch\u00f6ne Reiseziele, Ausfl\u00fcge auf dem Meer auf Mallorca<\/h1>\n<p>[\/et_pb_text][et_pb_text _builder_version=&#8220;4.20.4&#8243; _module_preset=&#8220;default&#8220; global_colors_info=&#8220;{}&#8220;]<\/p>\n<div class=\"flex-1 overflow-hidden\">\n<div class=\"react-scroll-to-bottom--css-adkwl-79elbk h-full dark:bg-gray-800\">\n<div class=\"react-scroll-to-bottom--css-adkwl-1n7m0yu\">\n<div class=\"flex flex-col items-center text-sm dark:bg-gray-800\">\n<div class=\"group w-full text-gray-800 dark:text-gray-100 border-b border-black\/10 dark:border-gray-900\/50 bg-gray-50 dark:bg-[#444654] sm:AIPRM__conversation__response\">\n<div class=\"text-base gap-4 md:gap-6 md:max-w-2xl lg:max-w-xl xl:max-w-3xl p-4 md:py-6 flex lg:px-0 m-auto\">\n<div class=\"relative flex w-[calc(100%-50px)] flex-col gap-1 md:gap-3 lg:w-[calc(100%-115px)]\">\n<div class=\"flex flex-grow flex-col gap-3\">\n<div class=\"min-h-[20px] flex flex-col items-start gap-4 whitespace-pre-wrap break-words\">\n<div class=\"markdown prose w-full break-words dark:prose-invert light AIPRM__conversation__response\">\n<p>Der Blog bei Sailing Trips Mallorca ist den Ausfl\u00fcgen und Entdeckungen auf den Balearen gewidmet. Hier findest du zahlreiche Informationen und Ratschl\u00e4ge zu Kultur, Ausfl\u00fcgen, Sicherheit, Aktivit\u00e4ten rund ums Meer, sehenswerten Buchten, typischer Gastronomie, geheimen Routen, Geschichte und vielem mehr. Tauche ein in die Sch\u00f6nheit Mallorcas, Menorcas, Ibizas und Formenteras, w\u00e4hrend wir dir Empfehlungen geben, wie du das Beste aus deinem Besuch auf diesen paradiesischen Inseln herausholen kannst. Au\u00dferdem geben wir dir n\u00fctzliche Tipps, wie du sicher und verantwortungsvoll in den Gew\u00e4ssern der Balearen segeln kannst, und zeigen dir versteckte Ecken, die nur die Einheimischen kennen. Unser Ziel ist es, dich zu inspirieren und dir bei der Planung deines n\u00e4chsten Urlaubs auf den Balearen zu helfen, um dir ein einzigartiges und unvergessliches Erlebnis zu garantieren. Begleite uns auf diesem Abenteuer und lass dich von der Magie dieser mediterranen Inselgruppe, ihrer reichen Geschichte und ihrer lebendigen Kultur verzaubern.<\/p>\n<\/div>\n<\/div>\n<\/div>\n<\/div>\n<\/div>\n<\/div>\n<\/div>\n<\/div>\n<\/div>\n<\/div>\n<p>[\/et_pb_text][et_pb_search exclude_pages=&#8220;on&#8220; placeholder=&#8220;Suche in den Eintr\u00e4gen&#8230;&#8220; button_color=&#8220;#0E57CC&#8220; placeholder_color=&#8220;#000000&#8243; _builder_version=&#8220;4.19.5&#8243; _module_preset=&#8220;default&#8220; form_field_background_color=&#8220;#FFFFFF&#8220; form_field_focus_background_color=&#8220;#FFFFFF&#8220; form_field_focus_text_color=&#8220;#0E57CC&#8220; button_text_color=&#8220;#FFFFFF&#8220; button_font_size=&#8220;1rem&#8220; width=&#8220;40%&#8220; width_tablet=&#8220;90%&#8220; width_phone=&#8220;90%&#8220; width_last_edited=&#8220;on|phone&#8220; module_alignment=&#8220;center&#8220; custom_margin=&#8220;||4em||false|false&#8220; custom_padding=&#8220;1em|2em|1em|2em|true|true&#8220; border_color_all=&#8220;#000000&#8243; global_colors_info=&#8220;{}&#8220;][\/et_pb_search][et_pb_blog fullwidth=&#8220;off&#8220; posts_number=&#8220;12&#8243; meta_date=&#8220;d M, Y&#8220; excerpt_length=&#8220;200&#8243; show_author=&#8220;off&#8220; masonry_tile_background_color=&#8220;RGBA(255,255,255,0)&#8220; _builder_version=&#8220;4.19.5&#8243; _module_preset=&#8220;60a747c9-e29a-4437-a774-58a9e45cf3a3&#8243; header_font_size=&#8220;23px&#8220; header_letter_spacing=&#8220;-0.03em&#8220; header_line_height=&#8220;1.5em&#8220; body_text_color=&#8220;#000000&#8243; body_font_size=&#8220;1rem&#8220; body_line_height=&#8220;1.8em&#8220; meta_font=&#8220;||||||||&#8220; meta_text_color=&#8220;#0E57CC&#8220; meta_font_size=&#8220;0.9rem&#8220; meta_line_height=&#8220;1.9em&#8220; read_more_font=&#8220;|700||on|||||&#8220; read_more_text_color=&#8220;#0E57CC&#8220; pagination_text_color=&#8220;#000000&#8243; pagination_font_size=&#8220;19px&#8220; header_font_size_tablet=&#8220;20px&#8220; header_font_size_phone=&#8220;16px&#8220; header_font_size_last_edited=&#8220;on|phone&#8220; pagination_font_size_tablet=&#8220;16px&#8220; pagination_font_size_phone=&#8220;15px&#8220; pagination_font_size_last_edited=&#8220;on|desktop&#8220; border_color_all=&#8220;#000000&#8243; border_width_all_image=&#8220;1px&#8220; border_color_all_image=&#8220;#000000&#8243; border_width_bottom_image=&#8220;0px&#8220; locked=&#8220;off&#8220; global_colors_info=&#8220;{}&#8220;][\/et_pb_blog][\/et_pb_column][\/et_pb_row][\/et_pb_section]<\/p>\n","protected":false},"excerpt":{"rendered":"<p>Blog \u00fcber sch\u00f6ne Reiseziele, Ausfl\u00fcge auf dem Meer auf Mallorca Der Blog bei Sailing Trips Mallorca ist den Ausfl\u00fcgen und Entdeckungen auf den Balearen gewidmet. Hier findest du zahlreiche Informationen und Ratschl\u00e4ge zu Kultur, Ausfl\u00fcgen, Sicherheit, Aktivit\u00e4ten rund ums Meer, sehenswerten Buchten, typischer Gastronomie, geheimen Routen, Geschichte und vielem mehr. Tauche ein in die Sch\u00f6nheit [&hellip;]<\/p>\n","protected":false},"author":15,"featured_media":0,"parent":0,"menu_order":0,"comment_status":"closed","ping_status":"closed","template":"","meta":{"_et_pb_use_builder":"on","_et_pb_old_content":"","_et_gb_content_width":"","footnotes":""},"class_list":["post-13698","page","type-page","status-publish","hentry"],"yoast_head":"<!-- This site is optimized with the Yoast SEO plugin v27.4 - https:\/\/yoast.com\/product\/yoast-seo-wordpress\/ -->\n<title>Blog \u00fcber sehenswerte Ziele und Ausfl\u00fcge auf Mallorca<\/title>\n<meta name=\"description\" content=\"Blog und Artikel \u00fcber sch\u00f6ne Badeorte auf Mallorca, Beitr\u00e4ge \u00fcber Ausfl\u00fcge auf dem Meer auf Mallorca\" \/>\n<meta name=\"robots\" content=\"index, follow, max-snippet:-1, max-image-preview:large, max-video-preview:-1\" \/>\n<link rel=\"canonical\" href=\"https:\/\/sailingtripsmallorca.com\/de\/blog\/\" \/>\n<meta property=\"og:locale\" content=\"de_DE\" \/>\n<meta property=\"og:type\" content=\"article\" \/>\n<meta property=\"og:title\" content=\"Blog \u00fcber sehenswerte Ziele und Ausfl\u00fcge auf Mallorca\" \/>\n<meta property=\"og:description\" content=\"Blog und Artikel \u00fcber sch\u00f6ne Badeorte auf Mallorca, Beitr\u00e4ge \u00fcber Ausfl\u00fcge auf dem Meer auf Mallorca\" \/>\n<meta property=\"og:url\" content=\"https:\/\/sailingtripsmallorca.com\/de\/blog\/\" \/>\n<meta property=\"og:site_name\" content=\"Sailing Trips Mallorca\" \/>\n<meta property=\"article:publisher\" content=\"https:\/\/www.facebook.com\/Sailing-Trips-Mallorca-169669560453473\/\" \/>\n<meta property=\"article:modified_time\" content=\"2023-08-12T11:06:21+00:00\" \/>\n<meta name=\"twitter:card\" content=\"summary_large_image\" \/>\n<meta name=\"twitter:site\" content=\"@SailingTripsM\" \/>\n<meta name=\"twitter:label1\" content=\"Gesch\u00e4tzte Lesezeit\" \/>\n\t<meta name=\"twitter:data1\" content=\"3\u00a0Minuten\" \/>\n<script type=\"application\/ld+json\" class=\"yoast-schema-graph\">{\"@context\":\"https:\\\/\\\/schema.org\",\"@graph\":[{\"@type\":\"WebPage\",\"@id\":\"https:\\\/\\\/sailingtripsmallorca.com\\\/de\\\/blog\\\/\",\"url\":\"https:\\\/\\\/sailingtripsmallorca.com\\\/de\\\/blog\\\/\",\"name\":\"Blog \u00fcber sehenswerte Ziele und Ausfl\u00fcge auf Mallorca\",\"isPartOf\":{\"@id\":\"https:\\\/\\\/sailingtripsmallorca.com\\\/de\\\/#website\"},\"datePublished\":\"2023-01-31T09:55:43+00:00\",\"dateModified\":\"2023-08-12T11:06:21+00:00\",\"description\":\"Blog und Artikel \u00fcber sch\u00f6ne Badeorte auf Mallorca, Beitr\u00e4ge \u00fcber Ausfl\u00fcge auf dem Meer auf Mallorca\",\"breadcrumb\":{\"@id\":\"https:\\\/\\\/sailingtripsmallorca.com\\\/de\\\/blog\\\/#breadcrumb\"},\"inLanguage\":\"de\",\"potentialAction\":[{\"@type\":\"ReadAction\",\"target\":[\"https:\\\/\\\/sailingtripsmallorca.com\\\/de\\\/blog\\\/\"]}]},{\"@type\":\"BreadcrumbList\",\"@id\":\"https:\\\/\\\/sailingtripsmallorca.com\\\/de\\\/blog\\\/#breadcrumb\",\"itemListElement\":[{\"@type\":\"ListItem\",\"position\":1,\"name\":\"Home\",\"item\":\"https:\\\/\\\/sailingtripsmallorca.com\\\/de\\\/\"},{\"@type\":\"ListItem\",\"position\":2,\"name\":\"Blog\"}]},{\"@type\":\"WebSite\",\"@id\":\"https:\\\/\\\/sailingtripsmallorca.com\\\/de\\\/#website\",\"url\":\"https:\\\/\\\/sailingtripsmallorca.com\\\/de\\\/\",\"name\":\"Sailing Trips Mallorca\",\"description\":\"Excursiones en Barco, velero y catamar\u00e1n: MALLORCA, MENORCA, IBIZA\",\"publisher\":{\"@id\":\"https:\\\/\\\/sailingtripsmallorca.com\\\/de\\\/#organization\"},\"potentialAction\":[{\"@type\":\"SearchAction\",\"target\":{\"@type\":\"EntryPoint\",\"urlTemplate\":\"https:\\\/\\\/sailingtripsmallorca.com\\\/de\\\/?s={search_term_string}\"},\"query-input\":{\"@type\":\"PropertyValueSpecification\",\"valueRequired\":true,\"valueName\":\"search_term_string\"}}],\"inLanguage\":\"de\"},{\"@type\":\"Organization\",\"@id\":\"https:\\\/\\\/sailingtripsmallorca.com\\\/de\\\/#organization\",\"name\":\"Veleros y catamaranes en Mallorca e Islas Baleares\",\"url\":\"https:\\\/\\\/sailingtripsmallorca.com\\\/de\\\/\",\"logo\":{\"@type\":\"ImageObject\",\"inLanguage\":\"de\",\"@id\":\"https:\\\/\\\/sailingtripsmallorca.com\\\/de\\\/#\\\/schema\\\/logo\\\/image\\\/\",\"url\":\"https:\\\/\\\/sailingtripsmallorca.com\\\/wp-content\\\/uploads\\\/2023\\\/01\\\/logo__sailingtrips__mallorca.png\",\"contentUrl\":\"https:\\\/\\\/sailingtripsmallorca.com\\\/wp-content\\\/uploads\\\/2023\\\/01\\\/logo__sailingtrips__mallorca.png\",\"width\":242,\"height\":64,\"caption\":\"Veleros y catamaranes en Mallorca e Islas Baleares\"},\"image\":{\"@id\":\"https:\\\/\\\/sailingtripsmallorca.com\\\/de\\\/#\\\/schema\\\/logo\\\/image\\\/\"},\"sameAs\":[\"https:\\\/\\\/www.facebook.com\\\/Sailing-Trips-Mallorca-169669560453473\\\/\",\"https:\\\/\\\/x.com\\\/SailingTripsM\",\"https:\\\/\\\/www.pinterest.es\\\/sailingtrips\\\/\",\"https:\\\/\\\/www.instagram.com\\\/sailingtripsmallorca\\\/\"]}]}<\/script>\n<!-- \/ Yoast SEO plugin. -->","yoast_head_json":{"title":"Blog \u00fcber sehenswerte Ziele und Ausfl\u00fcge auf Mallorca","description":"Blog und Artikel \u00fcber sch\u00f6ne Badeorte auf Mallorca, Beitr\u00e4ge \u00fcber Ausfl\u00fcge auf dem Meer auf Mallorca","robots":{"index":"index","follow":"follow","max-snippet":"max-snippet:-1","max-image-preview":"max-image-preview:large","max-video-preview":"max-video-preview:-1"},"canonical":"https:\/\/sailingtripsmallorca.com\/de\/blog\/","og_locale":"de_DE","og_type":"article","og_title":"Blog \u00fcber sehenswerte Ziele und Ausfl\u00fcge auf Mallorca","og_description":"Blog und Artikel \u00fcber sch\u00f6ne Badeorte auf Mallorca, Beitr\u00e4ge \u00fcber Ausfl\u00fcge auf dem Meer auf Mallorca","og_url":"https:\/\/sailingtripsmallorca.com\/de\/blog\/","og_site_name":"Sailing Trips Mallorca","article_publisher":"https:\/\/www.facebook.com\/Sailing-Trips-Mallorca-169669560453473\/","article_modified_time":"2023-08-12T11:06:21+00:00","twitter_card":"summary_large_image","twitter_site":"@SailingTripsM","twitter_misc":{"Gesch\u00e4tzte Lesezeit":"3\u00a0Minuten"},"schema":{"@context":"https:\/\/schema.org","@graph":[{"@type":"WebPage","@id":"https:\/\/sailingtripsmallorca.com\/de\/blog\/","url":"https:\/\/sailingtripsmallorca.com\/de\/blog\/","name":"Blog \u00fcber sehenswerte Ziele und Ausfl\u00fcge auf Mallorca","isPartOf":{"@id":"https:\/\/sailingtripsmallorca.com\/de\/#website"},"datePublished":"2023-01-31T09:55:43+00:00","dateModified":"2023-08-12T11:06:21+00:00","description":"Blog und Artikel \u00fcber sch\u00f6ne Badeorte auf Mallorca, Beitr\u00e4ge \u00fcber Ausfl\u00fcge auf dem Meer auf Mallorca","breadcrumb":{"@id":"https:\/\/sailingtripsmallorca.com\/de\/blog\/#breadcrumb"},"inLanguage":"de","potentialAction":[{"@type":"ReadAction","target":["https:\/\/sailingtripsmallorca.com\/de\/blog\/"]}]},{"@type":"BreadcrumbList","@id":"https:\/\/sailingtripsmallorca.com\/de\/blog\/#breadcrumb","itemListElement":[{"@type":"ListItem","position":1,"name":"Home","item":"https:\/\/sailingtripsmallorca.com\/de\/"},{"@type":"ListItem","position":2,"name":"Blog"}]},{"@type":"WebSite","@id":"https:\/\/sailingtripsmallorca.com\/de\/#website","url":"https:\/\/sailingtripsmallorca.com\/de\/","name":"Sailing Trips Mallorca","description":"Excursiones en Barco, velero y catamar\u00e1n: MALLORCA, MENORCA, IBIZA","publisher":{"@id":"https:\/\/sailingtripsmallorca.com\/de\/#organization"},"potentialAction":[{"@type":"SearchAction","target":{"@type":"EntryPoint","urlTemplate":"https:\/\/sailingtripsmallorca.com\/de\/?s={search_term_string}"},"query-input":{"@type":"PropertyValueSpecification","valueRequired":true,"valueName":"search_term_string"}}],"inLanguage":"de"},{"@type":"Organization","@id":"https:\/\/sailingtripsmallorca.com\/de\/#organization","name":"Veleros y catamaranes en Mallorca e Islas Baleares","url":"https:\/\/sailingtripsmallorca.com\/de\/","logo":{"@type":"ImageObject","inLanguage":"de","@id":"https:\/\/sailingtripsmallorca.com\/de\/#\/schema\/logo\/image\/","url":"https:\/\/sailingtripsmallorca.com\/wp-content\/uploads\/2023\/01\/logo__sailingtrips__mallorca.png","contentUrl":"https:\/\/sailingtripsmallorca.com\/wp-content\/uploads\/2023\/01\/logo__sailingtrips__mallorca.png","width":242,"height":64,"caption":"Veleros y catamaranes en Mallorca e Islas Baleares"},"image":{"@id":"https:\/\/sailingtripsmallorca.com\/de\/#\/schema\/logo\/image\/"},"sameAs":["https:\/\/www.facebook.com\/Sailing-Trips-Mallorca-169669560453473\/","https:\/\/x.com\/SailingTripsM","https:\/\/www.pinterest.es\/sailingtrips\/","https:\/\/www.instagram.com\/sailingtripsmallorca\/"]}]}},"_links":{"self":[{"href":"https:\/\/sailingtripsmallorca.com\/de\/wp-json\/wp\/v2\/pages\/13698","targetHints":{"allow":["GET"]}}],"collection":[{"href":"https:\/\/sailingtripsmallorca.com\/de\/wp-json\/wp\/v2\/pages"}],"about":[{"href":"https:\/\/sailingtripsmallorca.com\/de\/wp-json\/wp\/v2\/types\/page"}],"author":[{"embeddable":true,"href":"https:\/\/sailingtripsmallorca.com\/de\/wp-json\/wp\/v2\/users\/15"}],"replies":[{"embeddable":true,"href":"https:\/\/sailingtripsmallorca.com\/de\/wp-json\/wp\/v2\/comments?post=13698"}],"version-history":[{"count":2,"href":"https:\/\/sailingtripsmallorca.com\/de\/wp-json\/wp\/v2\/pages\/13698\/revisions"}],"predecessor-version":[{"id":13700,"href":"https:\/\/sailingtripsmallorca.com\/de\/wp-json\/wp\/v2\/pages\/13698\/revisions\/13700"}],"wp:attachment":[{"href":"https:\/\/sailingtripsmallorca.com\/de\/wp-json\/wp\/v2\/media?parent=13698"}],"curies":[{"name":"wp","href":"https:\/\/api.w.org\/{rel}","templated":true}]}}