{"id":12785,"date":"2023-01-10T13:50:42","date_gmt":"2023-01-10T12:50:42","guid":{"rendered":"https:\/\/sailingtripsmallorca.com\/rechtliche-hinweise\/"},"modified":"2023-06-12T15:06:17","modified_gmt":"2023-06-12T13:06:17","slug":"rechtliche-hinweise","status":"publish","type":"page","link":"https:\/\/sailingtripsmallorca.com\/de\/rechtliche-hinweise\/","title":{"rendered":"Rechtliche Hinweise"},"content":{"rendered":"<section class=\"legal__pages\">\n<ul>\n<li>Name des Unternehmens: JBJ Seamount,S.L.<\/li>\n<li>CIF: B02748648<\/li>\n<li>Eingetragener Firmensitz: Avda. Esports 11 esc1 piso 6 pta13, 46701 Gand\u00eda (Valencia)<\/li>\n<li>E-Mail-Adresse: <a href=\"mailto:info@sailingtripsmallorca.com?subject=Asunto:%20Aviso%20Legal\" target=\"_self\" rel=\"noopener\">info@sailingtripsmallorca.com.<\/a><\/li>\n<li>Telefonnummer: <a href=\"tel:+34615099630\">+34 615 09 96 30<\/a><\/li>\n<\/ul>\n<p>In diesem Bereich findet der Nutzer alle Informationen zu den rechtlichen Bedingungen, die die Beziehung zwischen dem Nutzer und uns als Verantwortliche f\u00fcr diese Website definieren. Es ist wichtig, dass Sie sich vor der weiteren Nutzung der Website dieser Bedingungen bewusst sind.<\/p>\n<p>JBJ Seamount. S.L, als Verantwortlicher f\u00fcr diese Website verpflichtet sich, die Daten unserer Nutzer und Kunden mit voller Garantie zu verarbeiten und die nationalen und europ\u00e4ischen Vorschriften zu beachten, die die Erfassung und Verwendung der personenbezogenen Daten unserer Nutzer regeln.<\/p>\n<p>Diese Website h\u00e4lt sich daher streng an die <strong>Allgemeine Datenschutz-Grundverordnung (EU) 2016\/679 (DSGVO) und das Gesetz 34\/2002 vom 11. Juli \u00fcber die Dienste der Informationsgesellschaft und den elektronischen Gesch\u00e4ftsverkehr (LSSI-CE).<\/strong><\/p>\n<h4>Allgemeine Nutzungsbedingungen<\/h4>\n<p>Diese Allgemeinen Nutzungsbedingungen regeln die Nutzung (einschlie\u00dflich des blo\u00dfen Zugriffs) der Website <a href=\"\/\" target=\"_self\" rel=\"noreferrer noopener\">www.sailingtripsmallorca.com<\/a> inklusive der auf ihr zur Verf\u00fcgung gestellten Inhalte und Dienstleistungen. Jede Person, die auf die Website zugreift, erkl\u00e4rt sich mit den Allgemeinen Gesch\u00e4ftsbedingungen einverstanden, die zu einem bestimmten Zeitpunkt auf der Website gelten.<\/p>\n<h4>Wie wir personenbezogene Daten verarbeiten<\/h4>\n<p>Wenn Sie mehr \u00fcber unsere DATENSCHUTZPOLICY erfahren m\u00f6chten, <a href=\"https:\/\/sailingtripsmallorca.com\/de\/datenschutzrichtlinie\/\" target=\"_self\" rel=\"noopener\">klicken Sie hier.<\/a><\/p>\n<h4>COOKIES POLICY<\/h4>\n<p>Wenn Sie mehr \u00fcber unsere Cookies Policy erfahren m\u00f6chten, <a href=\"https:\/\/sailingtripsmallorca.com\/de\/cookie-richtlinie\/\" target=\"_self\" rel=\"noopener\">klicken Sie hier.<\/a><\/p>\n<h4>Pflichten und Auflagen f\u00fcr Nutzer<\/h4>\n<p>Der Benutzer wird dar\u00fcber informiert und akzeptiert, dass der Zugang zu dieser Website in keiner Weise den Beginn einer Gesch\u00e4ftsbeziehung mit JBJ Seamount, S.L. bedeutet. Der Benutzer verpflichtet sich daher, die Website, ihre Dienstleistungen und Inhalte ohne Versto\u00df gegen die geltende Gesetzgebung, die guten Sitten und die \u00f6ffentliche Ordnung zu nutzen.<\/p>\n<p>Es ist verboten, die Website f\u00fcr unerlaubte oder sch\u00e4dliche Zwecke oder in einer Weise zu nutzen, die Sch\u00e4den verursachen oder den normalen Betrieb der Website beeintr\u00e4chtigen kann. Folgendes ist in Bezug auf die Inhalte dieser Website verboten:<\/p>\n<ul>\n<li>Die g\u00e4nzliche oder teilweise Vervielf\u00e4ltigung, Verbreitung oder Ver\u00e4nderung ohne die explizite Genehmigung der rechtm\u00e4\u00dfigen Eigent\u00fcmer;<\/li>\n<li>Jede Verletzung der Rechte des Anbieters oder der rechtm\u00e4\u00dfigen Eigent\u00fcmer;<\/li>\n<li>Ihre Verwendung zu kommerziellen oder Werbezwecken.<\/li>\n<\/ul>\n<p>Bei der Nutzung der Website, <a href=\"\/\" target=\"_self\" rel=\"noreferrer noopener\">www.sailingtripsmallorca.com<\/a>, verpflichtet sich der Nutzer, keine Handlungen vorzunehmen, die das Image, die Interessen und die Rechte von JBJ Seamount, S.L. oder von Dritten sch\u00e4digen k\u00f6nnten oder die der Website schaden, sie unbrauchbar machen oder \u00fcberlasten oder in irgendeiner Weise ihre normale Nutzung verhindern k\u00f6nnten. Der Nutzer muss sich jedoch dar\u00fcber im Klaren sein, dass die Sicherheitsvorkehrungen der Computersysteme im Internet nicht vollst\u00e4ndig zuverl\u00e4ssig sind und dass JBJ Seamount, S.L. daher nicht garantieren kann, dass keine Viren oder andere Elemente Ver\u00e4nderungen an der Software und\/oder Hardware des Nutzers oder in den darin enthaltenen elektronischen Dokumenten und Dateien verursachen k\u00f6nnen.<\/p>\n<h4>Sicherheitsma\u00dfnahmen<\/h4>\n<p>Die vom Nutzer an JBJ Seamount, S.L. \u00fcbermittelten personenbezogenen Daten k\u00f6nnen in automatisierten oder nicht automatisierten Datenbanken im ausschlie\u00dflichen Eigentum von JBJ Seamount, S.L. gespeichert werden. Dabei werden alle technischen, organisatorischen und sicherheitstechnischen Ma\u00dfnahmen ergriffen, um die Vertraulichkeit, Integrit\u00e4t und Qualit\u00e4t der darin enthaltenen Informationen gem\u00e4\u00df den Bestimmungen der geltenden Datenschutzgesetze zu gew\u00e4hrleisten.<\/p>\n<p>Die Kommunikation zwischen den Nutzern und JBJ Seamount, S.L. erfolgt \u00fcber einen sicheren Kanal, und die \u00fcbertragenen Daten werden dank https-Protokollen verschl\u00fcsselt, sodass wir die besten Sicherheitsbedingungen garantieren, um den Schutz der Nutzerdaten zu gew\u00e4hrleisten.<\/p>\n<h4>Rechte an geistigem und gewerblichem Eigentum<\/h4>\n<p>Gem\u00e4\u00df den Bestimmungen der Artikel 8 und 32.1, Abs. II, des Gesetzes \u00fcber das geistige Eigentum sind die Vervielf\u00e4ltigung, die Verbreitung und die \u00f6ffentliche Bekanntmachung, einschlie\u00dflich der Bereitstellung des gesamten oder eines Teils des Inhalts dieser Website zu kommerziellen Zwecken in jedem Medium und mit jedem technischen Mittel, ohne die Genehmigung von JBJ Seamount, S.L. ausdr\u00fccklich untersagt. Der Nutzer verpflichtet sich, die Rechte des geistigen und gewerblichen Eigentums von JBJ Seamount, S.L. zu respektieren.<\/p>\n<p>Der Nutzer erkennt an und akzeptiert, dass die gesamte Website &#8211; einschlie\u00dflich, aber nicht beschr\u00e4nkt auf Texte, Software, Inhalte (einschlie\u00dflich ihrer Struktur, Auswahl, Anordnung und Pr\u00e4sentation), Fotos, audiovisuelles Material und Grafiken &#8211; durch Marken, Urheberrechte und andere legitime Rechte in \u00dcbereinstimmung mit internationalen von Spanien unterzeichneten Vertr\u00e4gen und anderen Eigentumsrechten und Gesetzen Spaniens gesch\u00fctzt ist.<\/p>\n<p>Sollte ein Nutzer oder ein Dritter der Ansicht sein, dass durch die Ver\u00f6ffentlichung bestimmter Inhalte auf der Website seine legitimen Rechte am geistigen Eigentum verletzt wurden, muss er JBJ Seamount, S.L. diesen Umstand mit folgenden Angaben mitteilen:<\/p>\n<ul>\n<li>Pers\u00f6nliche Angaben zur betroffenen Person, die Inhaber der angeblich verletzten Rechte ist, oder Angabe der Vertretung, unter der sie handelt, falls die Beschwerde von einem anderen Dritten als der betroffenen Person eingereicht wird.<\/li>\n<li>Angabe der durch Rechte des geistigen Eigentums gesch\u00fctzten Inhalte und ihrer Position auf der Website, Akkreditierung der angegebenen Rechte des geistigen Eigentums und eine ausdr\u00fcckliche Erkl\u00e4rung, in der der Beteiligte die Verantwortung f\u00fcr die Richtigkeit der in der Meldung gemachten Angaben \u00fcbernimmt.<\/li>\n<\/ul>\n<h4>Ausschluss von Gew\u00e4hrleistungen und Haftung<\/h4>\n<p>JBJ Seamount, S.L. gew\u00e4hrt keine Garantie und ist in keinem Fall verantwortlich f\u00fcr Sch\u00e4den jeglicher Art, die durch folgende Umst\u00e4nde verursacht werden:<\/p>\n<ul>\n<li>Die mangelnde Erreichbarkeit, Wartung und effektive Funktionsweise der Website oder ihrer Dienste und Inhalte;<\/li>\n<li>Das Auftreten von Viren, b\u00f6sartigen oder sch\u00e4dlichen Programmen in den Inhalten;<\/li>\n<li>Rechtswidrige, fahrl\u00e4ssige, betr\u00fcgerische oder gegen diese rechtlichen Hinweise versto\u00dfende Verwendung;<\/li>\n<li>Die mangelnde Rechtm\u00e4\u00dfigkeit, Qualit\u00e4t, Zuverl\u00e4ssigkeit, Zweckm\u00e4\u00dfigkeit und Verf\u00fcgbarkeit der von Dritten erbrachten und den Nutzern auf der Website zur Verf\u00fcgung gestellten Dienstleistungen.<\/li>\n<li>Der Anbieter \u00fcbernimmt keinerlei Haftung f\u00fcr Sch\u00e4den, die aus einer rechtswidrigen oder missbr\u00e4uchlichen Nutzung dieser Website entstehen.<\/li>\n<\/ul>\n<h4>Geltendes Recht und Gerichtsbarkeit<\/h4>\n<p>Im Allgemeinen unterliegt die Beziehung zwischen JBJ Seamount, S.L. und den Nutzern der auf dieser Website angebotenen Telematikdienste der spanischen Gesetzgebung und Gerichtsbarkeit sowie den Gerichten am Wohnsitz des Nutzers.<\/p>\n<h4>Kontakt<\/h4>\n<p>Sollten Sie Fragen zu diesen rechtlichen Bedingungen oder Hinweise zur Website <a href=\"\/\" target=\"_self\" rel=\"noreferrer noopener\">www.sailingtripsmallorca.com<\/a> haben, wenden Sie sich bitte an <a href=\"mailto:info@sailingtripsmallorca.com?subject=Asunto:%20Aviso%20Legal\" target=\"_self\" rel=\"noopener\">info@sailingtripsmallorca.com.<\/a><\/p>\n<\/section>\n","protected":false},"excerpt":{"rendered":"<p>Name des Unternehmens: JBJ Seamount,S.L. CIF: B02748648 Eingetragener Firmensitz: Avda. Esports 11 esc1 piso 6 pta13, 46701 Gand\u00eda (Valencia) E-Mail-Adresse: info@sailingtripsmallorca.com. Telefonnummer: +34 615 09 96 30 In diesem Bereich findet der Nutzer alle Informationen zu den rechtlichen Bedingungen, die die Beziehung zwischen dem Nutzer und uns als Verantwortliche f\u00fcr diese Website definieren. Es ist [&hellip;]<\/p>\n","protected":false},"author":15,"featured_media":0,"parent":0,"menu_order":0,"comment_status":"closed","ping_status":"closed","template":"","meta":{"_et_pb_use_builder":"","_et_pb_old_content":"","_et_gb_content_width":"","footnotes":""},"class_list":["post-12785","page","type-page","status-publish","hentry"],"yoast_head":"<!-- This site is optimized with the Yoast SEO plugin v27.2 - https:\/\/yoast.com\/product\/yoast-seo-wordpress\/ -->\n<title>Rechtliche Hinweise - Sailing Trips Mallorca<\/title>\n<meta name=\"robots\" content=\"index, follow, max-snippet:-1, max-image-preview:large, max-video-preview:-1\" \/>\n<link rel=\"canonical\" href=\"https:\/\/sailingtripsmallorca.com\/de\/rechtliche-hinweise\/\" \/>\n<meta property=\"og:locale\" content=\"de_DE\" \/>\n<meta property=\"og:type\" content=\"article\" \/>\n<meta property=\"og:title\" content=\"Rechtliche Hinweise - Sailing Trips Mallorca\" \/>\n<meta property=\"og:description\" content=\"Name des Unternehmens: JBJ Seamount,S.L. CIF: B02748648 Eingetragener Firmensitz: Avda. Esports 11 esc1 piso 6 pta13, 46701 Gand\u00eda (Valencia) E-Mail-Adresse: info@sailingtripsmallorca.com. Telefonnummer: +34 615 09 96 30 In diesem Bereich findet der Nutzer alle Informationen zu den rechtlichen Bedingungen, die die Beziehung zwischen dem Nutzer und uns als Verantwortliche f\u00fcr diese Website definieren. Es ist [&hellip;]\" \/>\n<meta property=\"og:url\" content=\"https:\/\/sailingtripsmallorca.com\/de\/rechtliche-hinweise\/\" \/>\n<meta property=\"og:site_name\" content=\"Sailing Trips Mallorca\" \/>\n<meta property=\"article:publisher\" content=\"https:\/\/www.facebook.com\/Sailing-Trips-Mallorca-169669560453473\/\" \/>\n<meta property=\"article:modified_time\" content=\"2023-06-12T13:06:17+00:00\" \/>\n<meta name=\"twitter:card\" content=\"summary_large_image\" \/>\n<meta name=\"twitter:site\" content=\"@SailingTripsM\" \/>\n<meta name=\"twitter:label1\" content=\"Gesch\u00e4tzte Lesezeit\" \/>\n\t<meta name=\"twitter:data1\" content=\"5\u00a0Minuten\" \/>\n<script type=\"application\/ld+json\" class=\"yoast-schema-graph\">{\"@context\":\"https:\/\/schema.org\",\"@graph\":[{\"@type\":\"WebPage\",\"@id\":\"https:\/\/sailingtripsmallorca.com\/de\/rechtliche-hinweise\/\",\"url\":\"https:\/\/sailingtripsmallorca.com\/de\/rechtliche-hinweise\/\",\"name\":\"Rechtliche Hinweise - Sailing Trips Mallorca\",\"isPartOf\":{\"@id\":\"https:\/\/sailingtripsmallorca.com\/de\/#website\"},\"datePublished\":\"2023-01-10T12:50:42+00:00\",\"dateModified\":\"2023-06-12T13:06:17+00:00\",\"breadcrumb\":{\"@id\":\"https:\/\/sailingtripsmallorca.com\/de\/rechtliche-hinweise\/#breadcrumb\"},\"inLanguage\":\"de\",\"potentialAction\":[{\"@type\":\"ReadAction\",\"target\":[\"https:\/\/sailingtripsmallorca.com\/de\/rechtliche-hinweise\/\"]}]},{\"@type\":\"BreadcrumbList\",\"@id\":\"https:\/\/sailingtripsmallorca.com\/de\/rechtliche-hinweise\/#breadcrumb\",\"itemListElement\":[{\"@type\":\"ListItem\",\"position\":1,\"name\":\"Home\",\"item\":\"https:\/\/sailingtripsmallorca.com\/de\/\"},{\"@type\":\"ListItem\",\"position\":2,\"name\":\"Rechtliche Hinweise\"}]},{\"@type\":\"WebSite\",\"@id\":\"https:\/\/sailingtripsmallorca.com\/de\/#website\",\"url\":\"https:\/\/sailingtripsmallorca.com\/de\/\",\"name\":\"Sailing Trips Mallorca\",\"description\":\"Excursiones en Barco, velero y catamar\u00e1n: MALLORCA, MENORCA, IBIZA\",\"publisher\":{\"@id\":\"https:\/\/sailingtripsmallorca.com\/de\/#organization\"},\"potentialAction\":[{\"@type\":\"SearchAction\",\"target\":{\"@type\":\"EntryPoint\",\"urlTemplate\":\"https:\/\/sailingtripsmallorca.com\/de\/?s={search_term_string}\"},\"query-input\":{\"@type\":\"PropertyValueSpecification\",\"valueRequired\":true,\"valueName\":\"search_term_string\"}}],\"inLanguage\":\"de\"},{\"@type\":\"Organization\",\"@id\":\"https:\/\/sailingtripsmallorca.com\/de\/#organization\",\"name\":\"Veleros y catamaranes en Mallorca e Islas Baleares\",\"url\":\"https:\/\/sailingtripsmallorca.com\/de\/\",\"logo\":{\"@type\":\"ImageObject\",\"inLanguage\":\"de\",\"@id\":\"https:\/\/sailingtripsmallorca.com\/de\/#\/schema\/logo\/image\/\",\"url\":\"https:\/\/sailingtripsmallorca.com\/wp-content\/uploads\/2023\/01\/logo__sailingtrips__mallorca.png\",\"contentUrl\":\"https:\/\/sailingtripsmallorca.com\/wp-content\/uploads\/2023\/01\/logo__sailingtrips__mallorca.png\",\"width\":242,\"height\":64,\"caption\":\"Veleros y catamaranes en Mallorca e Islas Baleares\"},\"image\":{\"@id\":\"https:\/\/sailingtripsmallorca.com\/de\/#\/schema\/logo\/image\/\"},\"sameAs\":[\"https:\/\/www.facebook.com\/Sailing-Trips-Mallorca-169669560453473\/\",\"https:\/\/x.com\/SailingTripsM\",\"https:\/\/www.pinterest.es\/sailingtrips\/\",\"https:\/\/www.instagram.com\/sailingtripsmallorca\/\"]}]}<\/script>\n<!-- \/ Yoast SEO plugin. -->","yoast_head_json":{"title":"Rechtliche Hinweise - Sailing Trips Mallorca","robots":{"index":"index","follow":"follow","max-snippet":"max-snippet:-1","max-image-preview":"max-image-preview:large","max-video-preview":"max-video-preview:-1"},"canonical":"https:\/\/sailingtripsmallorca.com\/de\/rechtliche-hinweise\/","og_locale":"de_DE","og_type":"article","og_title":"Rechtliche Hinweise - Sailing Trips Mallorca","og_description":"Name des Unternehmens: JBJ Seamount,S.L. CIF: B02748648 Eingetragener Firmensitz: Avda. Esports 11 esc1 piso 6 pta13, 46701 Gand\u00eda (Valencia) E-Mail-Adresse: info@sailingtripsmallorca.com. Telefonnummer: +34 615 09 96 30 In diesem Bereich findet der Nutzer alle Informationen zu den rechtlichen Bedingungen, die die Beziehung zwischen dem Nutzer und uns als Verantwortliche f\u00fcr diese Website definieren. Es ist [&hellip;]","og_url":"https:\/\/sailingtripsmallorca.com\/de\/rechtliche-hinweise\/","og_site_name":"Sailing Trips Mallorca","article_publisher":"https:\/\/www.facebook.com\/Sailing-Trips-Mallorca-169669560453473\/","article_modified_time":"2023-06-12T13:06:17+00:00","twitter_card":"summary_large_image","twitter_site":"@SailingTripsM","twitter_misc":{"Gesch\u00e4tzte Lesezeit":"5\u00a0Minuten"},"schema":{"@context":"https:\/\/schema.org","@graph":[{"@type":"WebPage","@id":"https:\/\/sailingtripsmallorca.com\/de\/rechtliche-hinweise\/","url":"https:\/\/sailingtripsmallorca.com\/de\/rechtliche-hinweise\/","name":"Rechtliche Hinweise - Sailing Trips Mallorca","isPartOf":{"@id":"https:\/\/sailingtripsmallorca.com\/de\/#website"},"datePublished":"2023-01-10T12:50:42+00:00","dateModified":"2023-06-12T13:06:17+00:00","breadcrumb":{"@id":"https:\/\/sailingtripsmallorca.com\/de\/rechtliche-hinweise\/#breadcrumb"},"inLanguage":"de","potentialAction":[{"@type":"ReadAction","target":["https:\/\/sailingtripsmallorca.com\/de\/rechtliche-hinweise\/"]}]},{"@type":"BreadcrumbList","@id":"https:\/\/sailingtripsmallorca.com\/de\/rechtliche-hinweise\/#breadcrumb","itemListElement":[{"@type":"ListItem","position":1,"name":"Home","item":"https:\/\/sailingtripsmallorca.com\/de\/"},{"@type":"ListItem","position":2,"name":"Rechtliche Hinweise"}]},{"@type":"WebSite","@id":"https:\/\/sailingtripsmallorca.com\/de\/#website","url":"https:\/\/sailingtripsmallorca.com\/de\/","name":"Sailing Trips Mallorca","description":"Excursiones en Barco, velero y catamar\u00e1n: MALLORCA, MENORCA, IBIZA","publisher":{"@id":"https:\/\/sailingtripsmallorca.com\/de\/#organization"},"potentialAction":[{"@type":"SearchAction","target":{"@type":"EntryPoint","urlTemplate":"https:\/\/sailingtripsmallorca.com\/de\/?s={search_term_string}"},"query-input":{"@type":"PropertyValueSpecification","valueRequired":true,"valueName":"search_term_string"}}],"inLanguage":"de"},{"@type":"Organization","@id":"https:\/\/sailingtripsmallorca.com\/de\/#organization","name":"Veleros y catamaranes en Mallorca e Islas Baleares","url":"https:\/\/sailingtripsmallorca.com\/de\/","logo":{"@type":"ImageObject","inLanguage":"de","@id":"https:\/\/sailingtripsmallorca.com\/de\/#\/schema\/logo\/image\/","url":"https:\/\/sailingtripsmallorca.com\/wp-content\/uploads\/2023\/01\/logo__sailingtrips__mallorca.png","contentUrl":"https:\/\/sailingtripsmallorca.com\/wp-content\/uploads\/2023\/01\/logo__sailingtrips__mallorca.png","width":242,"height":64,"caption":"Veleros y catamaranes en Mallorca e Islas Baleares"},"image":{"@id":"https:\/\/sailingtripsmallorca.com\/de\/#\/schema\/logo\/image\/"},"sameAs":["https:\/\/www.facebook.com\/Sailing-Trips-Mallorca-169669560453473\/","https:\/\/x.com\/SailingTripsM","https:\/\/www.pinterest.es\/sailingtrips\/","https:\/\/www.instagram.com\/sailingtripsmallorca\/"]}]}},"_links":{"self":[{"href":"https:\/\/sailingtripsmallorca.com\/de\/wp-json\/wp\/v2\/pages\/12785","targetHints":{"allow":["GET"]}}],"collection":[{"href":"https:\/\/sailingtripsmallorca.com\/de\/wp-json\/wp\/v2\/pages"}],"about":[{"href":"https:\/\/sailingtripsmallorca.com\/de\/wp-json\/wp\/v2\/types\/page"}],"author":[{"embeddable":true,"href":"https:\/\/sailingtripsmallorca.com\/de\/wp-json\/wp\/v2\/users\/15"}],"replies":[{"embeddable":true,"href":"https:\/\/sailingtripsmallorca.com\/de\/wp-json\/wp\/v2\/comments?post=12785"}],"version-history":[{"count":1,"href":"https:\/\/sailingtripsmallorca.com\/de\/wp-json\/wp\/v2\/pages\/12785\/revisions"}],"predecessor-version":[{"id":12786,"href":"https:\/\/sailingtripsmallorca.com\/de\/wp-json\/wp\/v2\/pages\/12785\/revisions\/12786"}],"wp:attachment":[{"href":"https:\/\/sailingtripsmallorca.com\/de\/wp-json\/wp\/v2\/media?parent=12785"}],"curies":[{"name":"wp","href":"https:\/\/api.w.org\/{rel}","templated":true}]}}